{"id":3134,"date":"2025-02-20T16:43:14","date_gmt":"2025-02-20T16:43:14","guid":{"rendered":"https:\/\/euro-tec.tech\/?post_type=product&#038;p=3134"},"modified":"2025-02-20T16:44:31","modified_gmt":"2025-02-20T16:44:31","slug":"curso-intermedio-lexia-50h","status":"publish","type":"product","link":"https:\/\/euro-tec.tech\/en\/product\/curso-intermedio-lexia-50h\/","title":{"rendered":"Curso intermedio Lexia (50h)"},"content":{"rendered":"<p>Este curso online de inteligencia artificial te proporcionar\u00e1 una comprensi\u00f3n s\u00f3lida de los conceptos clave y las herramientas m\u00e1s avanzadas en el campo de la IA. Aprender\u00e1s desde los fundamentos hasta las aplicaciones pr\u00e1cticas, explorando temas como aprendizaje autom\u00e1tico, redes neuronales, procesamiento del lenguaje natural, y m\u00e1s. Dise\u00f1ado tanto para principiantes como para profesionales, este curso te guiar\u00e1 a trav\u00e9s de ejercicios pr\u00e1cticos y proyectos reales para que puedas aplicar lo aprendiendo en el mundo laboral o en tus propios proyectos. Acceso flexible y material de apoyo disponible en todo momento. \u00a1Empieza hoy tu \u00a1Camino hacia el futuro de la tecnolog\u00eda!<\/p>","protected":false},"excerpt":{"rendered":"<p>Aprende los fundamentos y aplicaciones de la inteligencia artificial con nuestro curso online. Ideal para principiantes y profesionales que buscan ampliar sus conocimientos en IA<\/p>","protected":false},"featured_media":3114,"comment_status":"open","ping_status":"closed","template":"","meta":{"_joinchat":[]},"product_brand":[],"product_cat":[22],"product_tag":[],"class_list":{"0":"post-3134","1":"product","2":"type-product","3":"status-publish","4":"has-post-thumbnail","6":"product_cat-sin-categorizar","8":"first","9":"instock","10":"virtual","11":"purchasable","12":"product-type-simple"},"yoast_head":"<!-- This site is optimized with the Yoast SEO plugin v25.0 - https:\/\/yoast.com\/wordpress\/plugins\/seo\/ -->\n<title>Curso intermedio Lexia (50h) - Eurotec<\/title>\n<meta name=\"robots\" content=\"index, follow, max-snippet:-1, max-image-preview:large, max-video-preview:-1\" \/>\n<link rel=\"canonical\" href=\"https:\/\/euro-tec.tech\/en\/product\/curso-intermedio-lexia-50h\/\" \/>\n<meta property=\"og:locale\" content=\"en_US\" \/>\n<meta property=\"og:type\" content=\"article\" \/>\n<meta property=\"og:title\" content=\"Curso intermedio Lexia (50h) - Eurotec\" \/>\n<meta property=\"og:description\" content=\"Aprende los fundamentos y aplicaciones de la inteligencia artificial con nuestro curso online. Ideal para principiantes y profesionales que buscan ampliar sus conocimientos en IA\" \/>\n<meta property=\"og:url\" content=\"https:\/\/euro-tec.tech\/en\/product\/curso-intermedio-lexia-50h\/\" \/>\n<meta property=\"og:site_name\" content=\"Eurotec\" \/>\n<meta property=\"article:modified_time\" content=\"2025-02-20T16:44:31+00:00\" \/>\n<meta property=\"og:image\" content=\"https:\/\/euro-tec.tech\/wp-content\/uploads\/2025\/02\/3924e06d-bbd4-40ee-8454-54a07991617f.webp\" \/>\n\t<meta property=\"og:image:width\" content=\"1024\" \/>\n\t<meta property=\"og:image:height\" content=\"1024\" \/>\n\t<meta property=\"og:image:type\" content=\"image\/webp\" \/>\n<meta name=\"twitter:card\" content=\"summary_large_image\" \/>\n<meta name=\"twitter:label1\" content=\"Est. reading time\" \/>\n\t<meta name=\"twitter:data1\" content=\"1 minute\" \/>\n<script type=\"application\/ld+json\" class=\"yoast-schema-graph\">{\"@context\":\"https:\/\/schema.org\",\"@graph\":[{\"@type\":\"WebPage\",\"@id\":\"https:\/\/euro-tec.tech\/producto\/curso-intermedio-lexia-50h\/\",\"url\":\"https:\/\/euro-tec.tech\/producto\/curso-intermedio-lexia-50h\/\",\"name\":\"Curso intermedio Lexia (50h) - Eurotec\",\"isPartOf\":{\"@id\":\"https:\/\/euro-tec.tech\/#website\"},\"primaryImageOfPage\":{\"@id\":\"https:\/\/euro-tec.tech\/producto\/curso-intermedio-lexia-50h\/#primaryimage\"},\"image\":{\"@id\":\"https:\/\/euro-tec.tech\/producto\/curso-intermedio-lexia-50h\/#primaryimage\"},\"thumbnailUrl\":\"https:\/\/euro-tec.tech\/wp-content\/uploads\/2025\/02\/3924e06d-bbd4-40ee-8454-54a07991617f.webp\",\"datePublished\":\"2025-02-20T16:43:14+00:00\",\"dateModified\":\"2025-02-20T16:44:31+00:00\",\"breadcrumb\":{\"@id\":\"https:\/\/euro-tec.tech\/producto\/curso-intermedio-lexia-50h\/#breadcrumb\"},\"inLanguage\":\"en-US\",\"potentialAction\":[{\"@type\":\"ReadAction\",\"target\":[\"https:\/\/euro-tec.tech\/producto\/curso-intermedio-lexia-50h\/\"]}]},{\"@type\":\"ImageObject\",\"inLanguage\":\"en-US\",\"@id\":\"https:\/\/euro-tec.tech\/producto\/curso-intermedio-lexia-50h\/#primaryimage\",\"url\":\"https:\/\/euro-tec.tech\/wp-content\/uploads\/2025\/02\/3924e06d-bbd4-40ee-8454-54a07991617f.webp\",\"contentUrl\":\"https:\/\/euro-tec.tech\/wp-content\/uploads\/2025\/02\/3924e06d-bbd4-40ee-8454-54a07991617f.webp\",\"width\":1024,\"height\":1024},{\"@type\":\"BreadcrumbList\",\"@id\":\"https:\/\/euro-tec.tech\/producto\/curso-intermedio-lexia-50h\/#breadcrumb\",\"itemListElement\":[{\"@type\":\"ListItem\",\"position\":1,\"name\":\"Portada\",\"item\":\"https:\/\/euro-tec.tech\/\"},{\"@type\":\"ListItem\",\"position\":2,\"name\":\"Tienda\",\"item\":\"https:\/\/euro-tec.tech\/tienda\/\"},{\"@type\":\"ListItem\",\"position\":3,\"name\":\"Curso intermedio Lexia (50h)\"}]},{\"@type\":\"WebSite\",\"@id\":\"https:\/\/euro-tec.tech\/#website\",\"url\":\"https:\/\/euro-tec.tech\/\",\"name\":\"Eurotec\",\"description\":\"IA\",\"potentialAction\":[{\"@type\":\"SearchAction\",\"target\":{\"@type\":\"EntryPoint\",\"urlTemplate\":\"https:\/\/euro-tec.tech\/?s={search_term_string}\"},\"query-input\":{\"@type\":\"PropertyValueSpecification\",\"valueRequired\":true,\"valueName\":\"search_term_string\"}}],\"inLanguage\":\"en-US\"}]}<\/script>\n<!-- \/ Yoast SEO plugin. -->","yoast_head_json":{"title":"Curso intermedio Lexia (50h) - Eurotec","robots":{"index":"index","follow":"follow","max-snippet":"max-snippet:-1","max-image-preview":"max-image-preview:large","max-video-preview":"max-video-preview:-1"},"canonical":"https:\/\/euro-tec.tech\/en\/product\/curso-intermedio-lexia-50h\/","og_locale":"en_US","og_type":"article","og_title":"Curso intermedio Lexia (50h) - Eurotec","og_description":"Aprende los fundamentos y aplicaciones de la inteligencia artificial con nuestro curso online. Ideal para principiantes y profesionales que buscan ampliar sus conocimientos en IA","og_url":"https:\/\/euro-tec.tech\/en\/product\/curso-intermedio-lexia-50h\/","og_site_name":"Eurotec","article_modified_time":"2025-02-20T16:44:31+00:00","og_image":[{"width":1024,"height":1024,"url":"https:\/\/euro-tec.tech\/wp-content\/uploads\/2025\/02\/3924e06d-bbd4-40ee-8454-54a07991617f.webp","type":"image\/webp"}],"twitter_card":"summary_large_image","twitter_misc":{"Est. reading time":"1 minute"},"schema":{"@context":"https:\/\/schema.org","@graph":[{"@type":"WebPage","@id":"https:\/\/euro-tec.tech\/producto\/curso-intermedio-lexia-50h\/","url":"https:\/\/euro-tec.tech\/producto\/curso-intermedio-lexia-50h\/","name":"Curso intermedio Lexia (50h) - Eurotec","isPartOf":{"@id":"https:\/\/euro-tec.tech\/#website"},"primaryImageOfPage":{"@id":"https:\/\/euro-tec.tech\/producto\/curso-intermedio-lexia-50h\/#primaryimage"},"image":{"@id":"https:\/\/euro-tec.tech\/producto\/curso-intermedio-lexia-50h\/#primaryimage"},"thumbnailUrl":"https:\/\/euro-tec.tech\/wp-content\/uploads\/2025\/02\/3924e06d-bbd4-40ee-8454-54a07991617f.webp","datePublished":"2025-02-20T16:43:14+00:00","dateModified":"2025-02-20T16:44:31+00:00","breadcrumb":{"@id":"https:\/\/euro-tec.tech\/producto\/curso-intermedio-lexia-50h\/#breadcrumb"},"inLanguage":"en-US","potentialAction":[{"@type":"ReadAction","target":["https:\/\/euro-tec.tech\/producto\/curso-intermedio-lexia-50h\/"]}]},{"@type":"ImageObject","inLanguage":"en-US","@id":"https:\/\/euro-tec.tech\/producto\/curso-intermedio-lexia-50h\/#primaryimage","url":"https:\/\/euro-tec.tech\/wp-content\/uploads\/2025\/02\/3924e06d-bbd4-40ee-8454-54a07991617f.webp","contentUrl":"https:\/\/euro-tec.tech\/wp-content\/uploads\/2025\/02\/3924e06d-bbd4-40ee-8454-54a07991617f.webp","width":1024,"height":1024},{"@type":"BreadcrumbList","@id":"https:\/\/euro-tec.tech\/producto\/curso-intermedio-lexia-50h\/#breadcrumb","itemListElement":[{"@type":"ListItem","position":1,"name":"Portada","item":"https:\/\/euro-tec.tech\/"},{"@type":"ListItem","position":2,"name":"Tienda","item":"https:\/\/euro-tec.tech\/tienda\/"},{"@type":"ListItem","position":3,"name":"Curso intermedio Lexia (50h)"}]},{"@type":"WebSite","@id":"https:\/\/euro-tec.tech\/#website","url":"https:\/\/euro-tec.tech\/","name":"Eurotec","description":"IA","potentialAction":[{"@type":"SearchAction","target":{"@type":"EntryPoint","urlTemplate":"https:\/\/euro-tec.tech\/?s={search_term_string}"},"query-input":{"@type":"PropertyValueSpecification","valueRequired":true,"valueName":"search_term_string"}}],"inLanguage":"en-US"}]}},"_links":{"self":[{"href":"https:\/\/euro-tec.tech\/en\/wp-json\/wp\/v2\/product\/3134","targetHints":{"allow":["GET"]}}],"collection":[{"href":"https:\/\/euro-tec.tech\/en\/wp-json\/wp\/v2\/product"}],"about":[{"href":"https:\/\/euro-tec.tech\/en\/wp-json\/wp\/v2\/types\/product"}],"replies":[{"embeddable":true,"href":"https:\/\/euro-tec.tech\/en\/wp-json\/wp\/v2\/comments?post=3134"}],"wp:featuredmedia":[{"embeddable":true,"href":"https:\/\/euro-tec.tech\/en\/wp-json\/wp\/v2\/media\/3114"}],"wp:attachment":[{"href":"https:\/\/euro-tec.tech\/en\/wp-json\/wp\/v2\/media?parent=3134"}],"wp:term":[{"taxonomy":"product_brand","embeddable":true,"href":"https:\/\/euro-tec.tech\/en\/wp-json\/wp\/v2\/product_brand?post=3134"},{"taxonomy":"product_cat","embeddable":true,"href":"https:\/\/euro-tec.tech\/en\/wp-json\/wp\/v2\/product_cat?post=3134"},{"taxonomy":"product_tag","embeddable":true,"href":"https:\/\/euro-tec.tech\/en\/wp-json\/wp\/v2\/product_tag?post=3134"}],"curies":[{"name":"wp","href":"https:\/\/api.w.org\/{rel}","templated":true}]}}