{"id":3293,"date":"2025-03-13T08:57:09","date_gmt":"2025-03-13T08:57:09","guid":{"rendered":"https:\/\/euro-tec.tech\/?page_id=3293"},"modified":"2025-05-12T15:03:09","modified_gmt":"2025-05-12T15:03:09","slug":"conceptos-fundamentales","status":"publish","type":"page","link":"https:\/\/euro-tec.tech\/en\/conceptos-fundamentales\/","title":{"rendered":"Conceptos fundamentales"},"content":{"rendered":"<div data-elementor-type=\"wp-page\" data-elementor-id=\"3293\" class=\"elementor elementor-3293\" data-elementor-post-type=\"page\">\n\t\t\t\t\t\t<section class=\"elementor-section elementor-top-section elementor-element elementor-element-d96de2c elementor-section-full_width elementor-section-height-default elementor-section-height-default\" data-id=\"d96de2c\" data-element_type=\"section\">\n\t\t\t\t\t\t<div class=\"elementor-container elementor-column-gap-default\">\n\t\t\t\t\t<div class=\"elementor-column elementor-col-100 elementor-top-column elementor-element elementor-element-e98a133\" data-id=\"e98a133\" data-element_type=\"column\">\n\t\t\t<div class=\"elementor-widget-wrap elementor-element-populated\">\n\t\t\t\t\t\t<div class=\"elementor-element elementor-element-536595f elementor-widget elementor-widget-heading\" data-id=\"536595f\" data-element_type=\"widget\" data-widget_type=\"heading.default\">\n\t\t\t\t<div class=\"elementor-widget-container\">\n\t\t\t\t\t<h2 class=\"elementor-heading-title elementor-size-default\">CONCEPTOS FUNDAMENTALES<\/h2>\t\t\t\t<\/div>\n\t\t\t\t<\/div>\n\t\t\t\t<div class=\"elementor-element elementor-element-3fa846a elementor-widget elementor-widget-text-editor\" data-id=\"3fa846a\" data-element_type=\"widget\" data-widget_type=\"text-editor.default\">\n\t\t\t\t<div class=\"elementor-widget-container\">\n\t\t\t\t\t\t\t\t\t<p>Con la gesti\u00f3n de nuestras obligaciones con la Sociedad, para tercer@s partes y con nosotr@s mismos, nos enfrentamos a ellas en cada tr\u00e1mite socio burocr\u00e1tico que abordamos, tales como comprar y\/o vender una vivienda, una empresa o negocio, mudarse de pa\u00eds, recibir una herencia, gestionar un despido, darse de alta y de baja en el paro entre otras muchas\u2026 Ostentando muchas, si no todas estas \u00a0interacciones, con la Administraci\u00f3n y con el Sistema, una gran dificultad, requiriendo un conocimiento legal de car\u00e1cter profundo.<\/p><p>Por eso, Nace el Concepto de Estudio Jur\u00eddico y T\u00e9cnico, como elemento de Asesoramiento Jur\u00eddico y T\u00e9cnico, el cual se constituye como un verdadero beneficio para quienes tienen\/tengan que resolver alg\u00fan asunto legal, que somos b\u00e1sicamente tod@s antes o despu\u00e9s en nuestras vidas, tanto en lo personal como en lo profesional. Lidiar con ello nosotr@s mismos, supone un riesgo grande de acabar incurriendo en errores por desconocimiento.\u00a0<\/p><p>De ah\u00ed la proliferaci\u00f3n de Asesor\u00edas Jur\u00eddicas que ayudan a la Ciudadan\u00eda, Empresas y\/o Negocios con la aplicaci\u00f3n de las diferentes y m\u00faltiples Normas que regulan la Sociedad.<\/p><p>Es fundamental que Usted sepa en que consiste la labor del\/la Asesor\/a Jur\u00eddico\/a y\/o T\u00e9cnico\/a que va a contratar para prestarle \u00e9st@ sus servicios y atender as\u00ed sus necesidades, as\u00ed como de los requisitos legales que debe de reunir cada una de estas figuras, en cada momento de actuaci\u00f3n en relaci\u00f3n a su asunto y\/o caso.<\/p><p><strong>Hay que distinguir que una Asesor\u00eda no es lo mismo que una Gestor\u00eda ni una Consultor\u00eda.<\/strong><\/p><p><strong>Una Asesor\u00eda<\/strong>\u00a0se encarga de aconsejar al cliente en materia econ\u00f3mica, fiscal, jur\u00eddica y t\u00e9cnica entre otras muchas materias, ofreciendo consejos sobre las mejores rutas a tomar en un determinado escenario legal.<\/p><p>Siendo la principal funci\u00f3n de una Asesor\u00eda el recomendar las mejores opciones legales a sus client@s en la materia que se est\u00e9 abordando, haciendo un seguimiento de las obligaciones de su client@ y le informa de qu\u00e9 documentos son necesarios para los tr\u00e1mites que est\u00e1n por llegar, obteniendo como resultado que se cumple siempre con la Normativa Vigente en cada Materia y\/o Sector.<\/p><p><strong>Una Gestor\u00eda<\/strong>\u00a0realizar\u00e1 los tr\u00e1mites administrativos necesarios con la Agencia\/Organismo Tributario correspondiente, para que una empresa y\/o persona cumpla con los requisitos legales o fiscales, debiendo estar para ello colegiad@ la entidad y\/o persona responsable a cargo de la misma.<\/p><p><strong>Por \u00faltimo, la labor de\u00a0Una Consultor\u00eda,<\/strong>\u00a0es analizar la situaci\u00f3n de una empresa y ofrecer alternativas para mejorar ese negocio.\u00a0<\/p><p>Todas estas acciones\/actividades <strong>EURO-IA,<\/strong> podr\u00e1 en cada caso concreto llevarlas a cabo bien por medios de car\u00e1cter propio o de colaboraci\u00f3n y\/o sub contrataci\u00f3n con tercer@s partes, garantizando siempre la prestaci\u00f3n del servicio final al\/la Client@ contratante de sus servicios.<\/p><p><strong>\u00a0<\/strong><strong>EURO-IA,<\/strong> cumple todos los requisitos legales para llevar a cabo la prestaci\u00f3n de sus servicios.<\/p><p><strong>EL PRINCIPAL OBJETIVO DE EURO-IA<\/strong>, es que Usted obtenga el mejor Asesoramiento Profesional, tanto Jur\u00eddico como T\u00e9cnico, para asegurarnos del debido Atendimiento de su Caso y Satisfacci\u00f3n de sus Necesidades Jur\u00eddicas y\/o T\u00e9cnicas.<\/p><p><strong>IMPORTANTE: Cu\u00e1l es la diferencia entre Ases@r Jur\u00eddic@ y Abogad@:<\/strong><\/p><p>Muchas personas tienden a confundir estas profesiones o referirse a una como sin\u00f3nimo de la otra, pero existen diferencias clave entre un Ases@r Jur\u00eddic@ y un\/a Abogad@, principalmente en t\u00e9rminos de Competencias, Funciones, y Salarios.<\/p><p><strong>Desde EURO-IA<\/strong>, explicamos las diferencias m\u00e1s importantes entre estas dos profesiones.<\/p><p><strong>En Primer Lugar, un\/a Aseso@ Jur\u00eddic@ y\/o T\u00e9cnic@,<\/strong> es aquella persona, capacitada y cualificada para prestar Asesoramiento Jur\u00eddico y\/o T\u00e9cnico con el objetivo de prevenir Problemas Legales.<\/p><p>L@s Asesor@s Jur\u00eddic@s y\/o T\u00e9cnic@s, son Expert@s en una Amplia gama de Cuestiones Jur\u00eddicas, como el Derecho de Propiedad, el Derecho de Familia, el Empleo, Derecho Contractual y Derecho Mercantil, Derecho Fiscal y Tributario entre otros tipos.<\/p><p><strong>En Segundo Lugar, un\/a Abogad@,<\/strong> es aquella persona, formada en Derecho que asesora y representa a sus client@s en asuntos legales. L@s Abogad@s suelen ser graduados\/licenciados en Derecho y deben estar colegiados para poder ejercer la abogac\u00eda, existiendo diferentes tipos de Abogad@s y\/o o Especialidades.<\/p><p><strong>EURO-IA,<\/strong> quiere dejar claro cuales son las Principales Diferencias entre un\/a Ases@r Jur\u00eddico y\/o T\u00e9cnico y un\/a Abogad@, <strong>existiendo entre estas figuras ciertas diferencias clave, tales como:<\/strong><\/p><p><strong>-La Formaci\u00f3n,<\/strong> dado que l@s Abogad@s deben de ser graduad@s\/licenciad@s en Derecho y estar colegiad@s para poder ejercer la abogac\u00eda. En cambio, l@s Asesor@s Jur\u00eddic@s y\/o Tecnic@s, no necesitan ser licenciad@s en Derecho, pero deben tener profundos conocimientos de esta \u00e1rea.<\/p><p><strong>-Campo Laboral:<\/strong> Ambos pueden y\/o suelen trabajar tanto en el \u00e1rea p\u00fablica como privada, debiendo cumplir los correspondientes requisitos legales y complementarios tanto a su capacitaci\u00f3n como cualificaci\u00f3n profesional.\u00a0<\/p><p><strong>-Representaci\u00f3n:<\/strong> L@s Abogad@s representan a client@s ante los tribunales. L@s Asesor@s Jur\u00eddic@s, a menos que est\u00e9n certificados como abogad@s, no representan a clientes ante los tribunales, pero asesoran sobre problemas legales.<\/p><p><strong>-Tipos:<\/strong> Existen diferentes tipos de Abogad@s, como los penalistas, l@s civiles y l@s que ejercen en una empresa. Por otro lado, l@s Asesor@s Jur\u00eddic@s pueden estar especializad@s en una o m\u00e1s \u00e1reas concretas del Derecho, como el Derecho de Familia, el Derecho de Propiedad, el Derecho Contractual, el Derecho Mercantil, el Derecho Fiscal y Tributario entre otros.<\/p><p><strong>-Funciones de un\/a Ases@r Jur\u00eddic@:<\/strong> Incluyen el asesoramiento legal, la investigaci\u00f3n de la Norma, la redacci\u00f3n de documentos, la representaci\u00f3n de los clientes en la mediaci\u00f3n y el arbitraje y la preparaci\u00f3n de los casos para el juicio, negociando y redactando diversos contratos comerciales, civiles y laborales como compraventa, pr\u00e9stamos, p\u00f3lizas de seguro, etc, adem\u00e1s de elaborar la estrategia de defensa legal ante las potenciales infracciones administrativas y\/o penales, proporcionando adem\u00e1s la debida asistencia en la constituci\u00f3n de cualquier tipo de empresa o estructura jur\u00eddica, as\u00ed como en la creaci\u00f3n y preparaci\u00f3n de los formularios necesarios, abordando tambi\u00e9n la realizaci\u00f3n de \u00a0tr\u00e1mites y gestiones ante las Autoridades P\u00fablicas, registros, notar\u00edas y otros organismos similares, todo ello para que con su asesoramiento pueda cumplirse la debida aplicaci\u00f3n de las correspondientes Normas dentro del \u00c1rea o Campo en el que ejerza para el\/ella mism@ o para sus client@s la Actividad que corresponda.<\/p><p><strong>Funciones de un\/a Abogad@:<\/strong> Incluyen la investigaci\u00f3n de la Norma, la redacci\u00f3n de documentos, la representaci\u00f3n de los clientes en los tribunales y la preparaci\u00f3n de los casos para los juicios, abordando el an\u00e1lisis de los problemas del\/la client@ y asesorarl@s sobre la mejor soluci\u00f3n jur\u00eddica posible, investigando la correspondiente jurisprudencia y los precedentes legales, redactando los preceptivos documentos legales, representando llegado el caso a sus Client@s en los Juzgados y\/o Tribunales, preparando los casos para tales Procedimientos y negociando si fuese preciso acuerdos para sus Client@s.<\/p><p><strong>Desde EURO-IA,<\/strong> se cree oportuno haber hecho inca pie y especial se\u00f1alamiento de estos conceptos, considerados para nuestra entidad fundamentales, en aras de que nuestr@s client@s, sepan en cada fase de su caso, que tipo de perfil profesional dentro de nuestra firma abordar\u00e1 la satisfacci\u00f3n de sus necesidades.<\/p>\t\t\t\t\t\t\t\t<\/div>\n\t\t\t\t<\/div>\n\t\t\t\t\t<\/div>\n\t\t<\/div>\n\t\t\t\t\t<\/div>\n\t\t<\/section>\n\t\t\t\t<\/div>","protected":false},"excerpt":{"rendered":"<p>CONCEPTOS FUNDAMENTALES Con la gesti\u00f3n de nuestras obligaciones con la Sociedad, para tercer@s partes y con nosotr@s mismos, nos enfrentamos a ellas en cada tr\u00e1mite socio burocr\u00e1tico que abordamos, tales como comprar y\/o vender una vivienda, una empresa o negocio, mudarse de pa\u00eds, recibir una herencia, gestionar un despido, darse de alta y de baja &#8230; <a title=\"Conceptos fundamentales\" class=\"read-more\" href=\"https:\/\/euro-tec.tech\/en\/conceptos-fundamentales\/\" aria-label=\"Read more about Conceptos fundamentales\">Read more<\/a><\/p>","protected":false},"author":1,"featured_media":0,"parent":0,"menu_order":0,"comment_status":"closed","ping_status":"closed","template":"elementor_header_footer","meta":{"_joinchat":[],"footnotes":""},"class_list":["post-3293","page","type-page","status-publish"],"yoast_head":"<!-- This site is optimized with the Yoast SEO plugin v25.0 - https:\/\/yoast.com\/wordpress\/plugins\/seo\/ -->\n<title>Conceptos fundamentales - Eurotec<\/title>\n<meta name=\"robots\" content=\"index, follow, max-snippet:-1, max-image-preview:large, max-video-preview:-1\" \/>\n<link rel=\"canonical\" href=\"https:\/\/euro-tec.tech\/en\/conceptos-fundamentales\/\" \/>\n<meta property=\"og:locale\" content=\"en_US\" \/>\n<meta property=\"og:type\" content=\"article\" \/>\n<meta property=\"og:title\" content=\"Conceptos fundamentales - Eurotec\" \/>\n<meta property=\"og:description\" content=\"CONCEPTOS FUNDAMENTALES Con la gesti\u00f3n de nuestras obligaciones con la Sociedad, para tercer@s partes y con nosotr@s mismos, nos enfrentamos a ellas en cada tr\u00e1mite socio burocr\u00e1tico que abordamos, tales como comprar y\/o vender una vivienda, una empresa o negocio, mudarse de pa\u00eds, recibir una herencia, gestionar un despido, darse de alta y de baja ... Read more\" \/>\n<meta property=\"og:url\" content=\"https:\/\/euro-tec.tech\/en\/conceptos-fundamentales\/\" \/>\n<meta property=\"og:site_name\" content=\"Eurotec\" \/>\n<meta property=\"article:modified_time\" content=\"2025-05-12T15:03:09+00:00\" \/>\n<meta name=\"twitter:card\" content=\"summary_large_image\" \/>\n<meta name=\"twitter:label1\" content=\"Est. reading time\" \/>\n\t<meta name=\"twitter:data1\" content=\"6 minutes\" \/>\n<script type=\"application\/ld+json\" class=\"yoast-schema-graph\">{\"@context\":\"https:\/\/schema.org\",\"@graph\":[{\"@type\":\"WebPage\",\"@id\":\"https:\/\/euro-tec.tech\/conceptos-fundamentales\/\",\"url\":\"https:\/\/euro-tec.tech\/conceptos-fundamentales\/\",\"name\":\"Conceptos fundamentales - Eurotec\",\"isPartOf\":{\"@id\":\"https:\/\/euro-tec.tech\/#website\"},\"datePublished\":\"2025-03-13T08:57:09+00:00\",\"dateModified\":\"2025-05-12T15:03:09+00:00\",\"breadcrumb\":{\"@id\":\"https:\/\/euro-tec.tech\/conceptos-fundamentales\/#breadcrumb\"},\"inLanguage\":\"en-US\",\"potentialAction\":[{\"@type\":\"ReadAction\",\"target\":[\"https:\/\/euro-tec.tech\/conceptos-fundamentales\/\"]}]},{\"@type\":\"BreadcrumbList\",\"@id\":\"https:\/\/euro-tec.tech\/conceptos-fundamentales\/#breadcrumb\",\"itemListElement\":[{\"@type\":\"ListItem\",\"position\":1,\"name\":\"Portada\",\"item\":\"https:\/\/euro-tec.tech\/\"},{\"@type\":\"ListItem\",\"position\":2,\"name\":\"Conceptos fundamentales\"}]},{\"@type\":\"WebSite\",\"@id\":\"https:\/\/euro-tec.tech\/#website\",\"url\":\"https:\/\/euro-tec.tech\/\",\"name\":\"Eurotec\",\"description\":\"IA\",\"potentialAction\":[{\"@type\":\"SearchAction\",\"target\":{\"@type\":\"EntryPoint\",\"urlTemplate\":\"https:\/\/euro-tec.tech\/?s={search_term_string}\"},\"query-input\":{\"@type\":\"PropertyValueSpecification\",\"valueRequired\":true,\"valueName\":\"search_term_string\"}}],\"inLanguage\":\"en-US\"}]}<\/script>\n<!-- \/ Yoast SEO plugin. -->","yoast_head_json":{"title":"Conceptos fundamentales - Eurotec","robots":{"index":"index","follow":"follow","max-snippet":"max-snippet:-1","max-image-preview":"max-image-preview:large","max-video-preview":"max-video-preview:-1"},"canonical":"https:\/\/euro-tec.tech\/en\/conceptos-fundamentales\/","og_locale":"en_US","og_type":"article","og_title":"Conceptos fundamentales - Eurotec","og_description":"CONCEPTOS FUNDAMENTALES Con la gesti\u00f3n de nuestras obligaciones con la Sociedad, para tercer@s partes y con nosotr@s mismos, nos enfrentamos a ellas en cada tr\u00e1mite socio burocr\u00e1tico que abordamos, tales como comprar y\/o vender una vivienda, una empresa o negocio, mudarse de pa\u00eds, recibir una herencia, gestionar un despido, darse de alta y de baja ... Read more","og_url":"https:\/\/euro-tec.tech\/en\/conceptos-fundamentales\/","og_site_name":"Eurotec","article_modified_time":"2025-05-12T15:03:09+00:00","twitter_card":"summary_large_image","twitter_misc":{"Est. reading time":"6 minutes"},"schema":{"@context":"https:\/\/schema.org","@graph":[{"@type":"WebPage","@id":"https:\/\/euro-tec.tech\/conceptos-fundamentales\/","url":"https:\/\/euro-tec.tech\/conceptos-fundamentales\/","name":"Conceptos fundamentales - Eurotec","isPartOf":{"@id":"https:\/\/euro-tec.tech\/#website"},"datePublished":"2025-03-13T08:57:09+00:00","dateModified":"2025-05-12T15:03:09+00:00","breadcrumb":{"@id":"https:\/\/euro-tec.tech\/conceptos-fundamentales\/#breadcrumb"},"inLanguage":"en-US","potentialAction":[{"@type":"ReadAction","target":["https:\/\/euro-tec.tech\/conceptos-fundamentales\/"]}]},{"@type":"BreadcrumbList","@id":"https:\/\/euro-tec.tech\/conceptos-fundamentales\/#breadcrumb","itemListElement":[{"@type":"ListItem","position":1,"name":"Portada","item":"https:\/\/euro-tec.tech\/"},{"@type":"ListItem","position":2,"name":"Conceptos fundamentales"}]},{"@type":"WebSite","@id":"https:\/\/euro-tec.tech\/#website","url":"https:\/\/euro-tec.tech\/","name":"Eurotec","description":"IA","potentialAction":[{"@type":"SearchAction","target":{"@type":"EntryPoint","urlTemplate":"https:\/\/euro-tec.tech\/?s={search_term_string}"},"query-input":{"@type":"PropertyValueSpecification","valueRequired":true,"valueName":"search_term_string"}}],"inLanguage":"en-US"}]}},"_links":{"self":[{"href":"https:\/\/euro-tec.tech\/en\/wp-json\/wp\/v2\/pages\/3293","targetHints":{"allow":["GET"]}}],"collection":[{"href":"https:\/\/euro-tec.tech\/en\/wp-json\/wp\/v2\/pages"}],"about":[{"href":"https:\/\/euro-tec.tech\/en\/wp-json\/wp\/v2\/types\/page"}],"author":[{"embeddable":true,"href":"https:\/\/euro-tec.tech\/en\/wp-json\/wp\/v2\/users\/1"}],"replies":[{"embeddable":true,"href":"https:\/\/euro-tec.tech\/en\/wp-json\/wp\/v2\/comments?post=3293"}],"version-history":[{"count":7,"href":"https:\/\/euro-tec.tech\/en\/wp-json\/wp\/v2\/pages\/3293\/revisions"}],"predecessor-version":[{"id":3465,"href":"https:\/\/euro-tec.tech\/en\/wp-json\/wp\/v2\/pages\/3293\/revisions\/3465"}],"wp:attachment":[{"href":"https:\/\/euro-tec.tech\/en\/wp-json\/wp\/v2\/media?parent=3293"}],"curies":[{"name":"wp","href":"https:\/\/api.w.org\/{rel}","templated":true}]}}