{"id":2908,"date":"2025-02-03T15:53:40","date_gmt":"2025-02-03T15:53:40","guid":{"rendered":"https:\/\/euro-tec.tech\/?page_id=2908"},"modified":"2025-02-05T09:24:52","modified_gmt":"2025-02-05T09:24:52","slug":"sector-terciario","status":"publish","type":"page","link":"https:\/\/euro-tec.tech\/en\/sector-terciario\/","title":{"rendered":"Sector terciario"},"content":{"rendered":"<div data-elementor-type=\"wp-page\" data-elementor-id=\"2908\" class=\"elementor elementor-2908\" data-elementor-post-type=\"page\">\n\t\t\t\t\t\t<section class=\"elementor-section elementor-top-section elementor-element elementor-element-9c3ad0b elementor-section-full_width elementor-section-height-default elementor-section-height-default\" data-id=\"9c3ad0b\" data-element_type=\"section\">\n\t\t\t\t\t\t<div class=\"elementor-container elementor-column-gap-default\">\n\t\t\t\t\t<div class=\"elementor-column elementor-col-100 elementor-top-column elementor-element elementor-element-ba81c32\" data-id=\"ba81c32\" data-element_type=\"column\">\n\t\t\t<div class=\"elementor-widget-wrap elementor-element-populated\">\n\t\t\t\t\t\t<div class=\"elementor-element elementor-element-3b44523 elementor-widget elementor-widget-heading\" data-id=\"3b44523\" data-element_type=\"widget\" data-widget_type=\"heading.default\">\n\t\t\t\t<div class=\"elementor-widget-container\">\n\t\t\t\t\t<h2 class=\"elementor-heading-title elementor-size-default\">SECTOR TERCIARIO<\/h2>\t\t\t\t<\/div>\n\t\t\t\t<\/div>\n\t\t\t\t\t<\/div>\n\t\t<\/div>\n\t\t\t\t\t<\/div>\n\t\t<\/section>\n\t\t\t\t<section class=\"elementor-section elementor-top-section elementor-element elementor-element-8786f44 elementor-section-full_width elementor-section-height-default elementor-section-height-default\" data-id=\"8786f44\" data-element_type=\"section\">\n\t\t\t\t\t\t<div class=\"elementor-container elementor-column-gap-default\">\n\t\t\t\t\t<div class=\"elementor-column elementor-col-100 elementor-top-column elementor-element elementor-element-06e3903\" data-id=\"06e3903\" data-element_type=\"column\">\n\t\t\t<div class=\"elementor-widget-wrap elementor-element-populated\">\n\t\t\t\t\t\t<div class=\"elementor-element elementor-element-dd80b8b elementor-widget elementor-widget-text-editor\" data-id=\"dd80b8b\" data-element_type=\"widget\" data-widget_type=\"text-editor.default\">\n\t\t\t\t<div class=\"elementor-widget-container\">\n\t\t\t\t\t\t\t\t\t<p>LA IMPORTANCIA DE LA TECNOLOGOG\u00cdA EN EL SECTOR TERCIARIO:<\/p><p><br \/>El Sector Terciario, tambi\u00e9n conocido como el sector de servicios, se beneficia<br \/>enormemente de la tecnolog\u00eda, presentamos algunos puntos sobre su<br \/>importancia:<\/p><p><br \/>1. Mejora en la eficiencia operativa: La tecnolog\u00eda permite la automatizaci\u00f3n de procesos administrativos y operativos, lo que reduce<br \/>errores y mejora la eficiencia. Por ejemplo, el uso de software de gesti\u00f3n<br \/>empresarial y sistemas de contabilidad avanzados.<\/p><p><br \/>2. Acceso a informaci\u00f3n y comunicaci\u00f3n: Las tecnolog\u00edas de la informaci\u00f3n y la comunicaci\u00f3n (TIC) facilitan el acceso r\u00e1pido a informaci\u00f3n relevante y mejoran la comunicaci\u00f3n entre empresas y clientes. Esto incluye el uso de internet, correo electr\u00f3nico, y plataformas<br \/>de comunicaci\u00f3n en l\u00ednea.<\/p><p><br \/>3. Innovaci\u00f3n en servicios: La tecnolog\u00eda ha permitido la creaci\u00f3n de nuevos servicios y la mejora de los existentes. Por ejemplo, los servicios<br \/>financieros en l\u00ednea, las plataformas de educaci\u00f3n digital y los servicios de<br \/>salud telem\u00e1tica.<\/p><p><br \/>4. Atenci\u00f3n al cliente: Las tecnolog\u00edas como los chatbots y los sistemas de<br \/>atenci\u00f3n al cliente automatizados mejoran la experiencia del cliente,<br \/>proporcionando respuestas r\u00e1pidas y eficientes a sus consultas.<\/p><p><br \/>5. Marketing y publicidad: Las herramientas de marketing digital permiten a las empresas llegar a un p\u00fablico m\u00e1s amplio y segmentado de manera m\u00e1s efectiva. Esto incluye el uso de redes sociales, publicidad en l\u00ednea y<br \/>an\u00e1lisis de datos.<\/p><p><br \/>6. Comercio electr\u00f3nico: La tecnolog\u00eda ha revolucionado el comercio, permitiendo a las empresas vender sus productos y servicios en l\u00ednea, lo que ampl\u00eda su alcance y accesibilidad.<\/p><p><br \/>7. An\u00e1lisis de datos: La capacidad de recopilar y analizar grandes vol\u00famenes de datos permite a las empresas tomar decisiones informadas y personalizar sus servicios seg\u00fan las necesidades de los clientes.<\/p><p><br \/>8. Seguridad: Las tecnolog\u00edas avanzadas de seguridad, como la encriptaci\u00f3n y los sistemas de autenticaci\u00f3n, protegen la informaci\u00f3n<br \/>sensible y mejoran la confianza de los clientes.<\/p><p><br \/>En conclusi\u00f3n, la tecnolog\u00eda es un pilar fundamental en el sector terciario,<br \/>permitiendo a las empresas mejorar su eficiencia, innovar en sus servicios y<br \/>ofrecer una mejor experiencia a sus clientes.<br \/>\u00bfHay alg\u00fan aspecto en particular que te interese profundizar?\u00bfTienes<br \/>dudas y no encuentras la respuesta? EURO-TEC, es tu Estudio<br \/>Tecnol\u00f3gico de Confianza, puedes consultarnos y\/o preguntarnos cualquier cosa, nuestr@s expert@s, resolver\u00e1n tu duda, solucionar\u00e1n tu problema.<\/p>\t\t\t\t\t\t\t\t<\/div>\n\t\t\t\t<\/div>\n\t\t\t\t\t<\/div>\n\t\t<\/div>\n\t\t\t\t\t<\/div>\n\t\t<\/section>\n\t\t\t\t<\/div>","protected":false},"excerpt":{"rendered":"<p>SECTOR TERCIARIO LA IMPORTANCIA DE LA TECNOLOGOG\u00cdA EN EL SECTOR TERCIARIO: El Sector Terciario, tambi\u00e9n conocido como el sector de servicios, se beneficiaenormemente de la tecnolog\u00eda, presentamos algunos puntos sobre suimportancia: 1. Mejora en la eficiencia operativa: La tecnolog\u00eda permite la automatizaci\u00f3n de procesos administrativos y operativos, lo que reduceerrores y mejora la eficiencia. Por &#8230; <a title=\"Sector terciario\" class=\"read-more\" href=\"https:\/\/euro-tec.tech\/en\/sector-terciario\/\" aria-label=\"Read more about Sector terciario\">Read more<\/a><\/p>","protected":false},"author":1,"featured_media":0,"parent":0,"menu_order":0,"comment_status":"closed","ping_status":"closed","template":"elementor_header_footer","meta":{"_joinchat":[],"footnotes":""},"class_list":["post-2908","page","type-page","status-publish"],"yoast_head":"<!-- This site is optimized with the Yoast SEO plugin v25.0 - https:\/\/yoast.com\/wordpress\/plugins\/seo\/ -->\n<title>Sector terciario - Eurotec<\/title>\n<meta name=\"robots\" content=\"index, follow, max-snippet:-1, max-image-preview:large, max-video-preview:-1\" \/>\n<link rel=\"canonical\" href=\"https:\/\/euro-tec.tech\/en\/sector-terciario\/\" \/>\n<meta property=\"og:locale\" content=\"en_US\" \/>\n<meta property=\"og:type\" content=\"article\" \/>\n<meta property=\"og:title\" content=\"Sector terciario - Eurotec\" \/>\n<meta property=\"og:description\" content=\"SECTOR TERCIARIO LA IMPORTANCIA DE LA TECNOLOGOG\u00cdA EN EL SECTOR TERCIARIO: El Sector Terciario, tambi\u00e9n conocido como el sector de servicios, se beneficiaenormemente de la tecnolog\u00eda, presentamos algunos puntos sobre suimportancia: 1. Mejora en la eficiencia operativa: La tecnolog\u00eda permite la automatizaci\u00f3n de procesos administrativos y operativos, lo que reduceerrores y mejora la eficiencia. Por ... Read more\" \/>\n<meta property=\"og:url\" content=\"https:\/\/euro-tec.tech\/en\/sector-terciario\/\" \/>\n<meta property=\"og:site_name\" content=\"Eurotec\" \/>\n<meta property=\"article:modified_time\" content=\"2025-02-05T09:24:52+00:00\" \/>\n<meta name=\"twitter:card\" content=\"summary_large_image\" \/>\n<meta name=\"twitter:label1\" content=\"Est. reading time\" \/>\n\t<meta name=\"twitter:data1\" content=\"2 minutes\" \/>\n<script type=\"application\/ld+json\" class=\"yoast-schema-graph\">{\"@context\":\"https:\/\/schema.org\",\"@graph\":[{\"@type\":\"WebPage\",\"@id\":\"https:\/\/euro-tec.tech\/sector-terciario\/\",\"url\":\"https:\/\/euro-tec.tech\/sector-terciario\/\",\"name\":\"Sector terciario - Eurotec\",\"isPartOf\":{\"@id\":\"https:\/\/euro-tec.tech\/#website\"},\"datePublished\":\"2025-02-03T15:53:40+00:00\",\"dateModified\":\"2025-02-05T09:24:52+00:00\",\"breadcrumb\":{\"@id\":\"https:\/\/euro-tec.tech\/sector-terciario\/#breadcrumb\"},\"inLanguage\":\"en-US\",\"potentialAction\":[{\"@type\":\"ReadAction\",\"target\":[\"https:\/\/euro-tec.tech\/sector-terciario\/\"]}]},{\"@type\":\"BreadcrumbList\",\"@id\":\"https:\/\/euro-tec.tech\/sector-terciario\/#breadcrumb\",\"itemListElement\":[{\"@type\":\"ListItem\",\"position\":1,\"name\":\"Portada\",\"item\":\"https:\/\/euro-tec.tech\/\"},{\"@type\":\"ListItem\",\"position\":2,\"name\":\"Sector terciario\"}]},{\"@type\":\"WebSite\",\"@id\":\"https:\/\/euro-tec.tech\/#website\",\"url\":\"https:\/\/euro-tec.tech\/\",\"name\":\"Eurotec\",\"description\":\"IA\",\"potentialAction\":[{\"@type\":\"SearchAction\",\"target\":{\"@type\":\"EntryPoint\",\"urlTemplate\":\"https:\/\/euro-tec.tech\/?s={search_term_string}\"},\"query-input\":{\"@type\":\"PropertyValueSpecification\",\"valueRequired\":true,\"valueName\":\"search_term_string\"}}],\"inLanguage\":\"en-US\"}]}<\/script>\n<!-- \/ Yoast SEO plugin. -->","yoast_head_json":{"title":"Sector terciario - Eurotec","robots":{"index":"index","follow":"follow","max-snippet":"max-snippet:-1","max-image-preview":"max-image-preview:large","max-video-preview":"max-video-preview:-1"},"canonical":"https:\/\/euro-tec.tech\/en\/sector-terciario\/","og_locale":"en_US","og_type":"article","og_title":"Sector terciario - Eurotec","og_description":"SECTOR TERCIARIO LA IMPORTANCIA DE LA TECNOLOGOG\u00cdA EN EL SECTOR TERCIARIO: El Sector Terciario, tambi\u00e9n conocido como el sector de servicios, se beneficiaenormemente de la tecnolog\u00eda, presentamos algunos puntos sobre suimportancia: 1. Mejora en la eficiencia operativa: La tecnolog\u00eda permite la automatizaci\u00f3n de procesos administrativos y operativos, lo que reduceerrores y mejora la eficiencia. Por ... Read more","og_url":"https:\/\/euro-tec.tech\/en\/sector-terciario\/","og_site_name":"Eurotec","article_modified_time":"2025-02-05T09:24:52+00:00","twitter_card":"summary_large_image","twitter_misc":{"Est. reading time":"2 minutes"},"schema":{"@context":"https:\/\/schema.org","@graph":[{"@type":"WebPage","@id":"https:\/\/euro-tec.tech\/sector-terciario\/","url":"https:\/\/euro-tec.tech\/sector-terciario\/","name":"Sector terciario - Eurotec","isPartOf":{"@id":"https:\/\/euro-tec.tech\/#website"},"datePublished":"2025-02-03T15:53:40+00:00","dateModified":"2025-02-05T09:24:52+00:00","breadcrumb":{"@id":"https:\/\/euro-tec.tech\/sector-terciario\/#breadcrumb"},"inLanguage":"en-US","potentialAction":[{"@type":"ReadAction","target":["https:\/\/euro-tec.tech\/sector-terciario\/"]}]},{"@type":"BreadcrumbList","@id":"https:\/\/euro-tec.tech\/sector-terciario\/#breadcrumb","itemListElement":[{"@type":"ListItem","position":1,"name":"Portada","item":"https:\/\/euro-tec.tech\/"},{"@type":"ListItem","position":2,"name":"Sector terciario"}]},{"@type":"WebSite","@id":"https:\/\/euro-tec.tech\/#website","url":"https:\/\/euro-tec.tech\/","name":"Eurotec","description":"IA","potentialAction":[{"@type":"SearchAction","target":{"@type":"EntryPoint","urlTemplate":"https:\/\/euro-tec.tech\/?s={search_term_string}"},"query-input":{"@type":"PropertyValueSpecification","valueRequired":true,"valueName":"search_term_string"}}],"inLanguage":"en-US"}]}},"_links":{"self":[{"href":"https:\/\/euro-tec.tech\/en\/wp-json\/wp\/v2\/pages\/2908","targetHints":{"allow":["GET"]}}],"collection":[{"href":"https:\/\/euro-tec.tech\/en\/wp-json\/wp\/v2\/pages"}],"about":[{"href":"https:\/\/euro-tec.tech\/en\/wp-json\/wp\/v2\/types\/page"}],"author":[{"embeddable":true,"href":"https:\/\/euro-tec.tech\/en\/wp-json\/wp\/v2\/users\/1"}],"replies":[{"embeddable":true,"href":"https:\/\/euro-tec.tech\/en\/wp-json\/wp\/v2\/comments?post=2908"}],"version-history":[{"count":7,"href":"https:\/\/euro-tec.tech\/en\/wp-json\/wp\/v2\/pages\/2908\/revisions"}],"predecessor-version":[{"id":3022,"href":"https:\/\/euro-tec.tech\/en\/wp-json\/wp\/v2\/pages\/2908\/revisions\/3022"}],"wp:attachment":[{"href":"https:\/\/euro-tec.tech\/en\/wp-json\/wp\/v2\/media?parent=2908"}],"curies":[{"name":"wp","href":"https:\/\/api.w.org\/{rel}","templated":true}]}}