{"id":2907,"date":"2025-02-03T15:53:34","date_gmt":"2025-02-03T15:53:34","guid":{"rendered":"https:\/\/euro-tec.tech\/?page_id=2907"},"modified":"2025-02-05T09:24:52","modified_gmt":"2025-02-05T09:24:52","slug":"sector-secundario","status":"publish","type":"page","link":"https:\/\/euro-tec.tech\/en\/sector-secundario\/","title":{"rendered":"Sector secundario"},"content":{"rendered":"<div data-elementor-type=\"wp-page\" data-elementor-id=\"2907\" class=\"elementor elementor-2907\" data-elementor-post-type=\"page\">\n\t\t\t\t\t\t<section class=\"elementor-section elementor-top-section elementor-element elementor-element-7b3fd45 elementor-section-full_width elementor-section-height-default elementor-section-height-default\" data-id=\"7b3fd45\" data-element_type=\"section\">\n\t\t\t\t\t\t<div class=\"elementor-container elementor-column-gap-default\">\n\t\t\t\t\t<div class=\"elementor-column elementor-col-100 elementor-top-column elementor-element elementor-element-6232963\" data-id=\"6232963\" data-element_type=\"column\">\n\t\t\t<div class=\"elementor-widget-wrap elementor-element-populated\">\n\t\t\t\t\t\t<div class=\"elementor-element elementor-element-99f8ff0 elementor-widget elementor-widget-heading\" data-id=\"99f8ff0\" data-element_type=\"widget\" data-widget_type=\"heading.default\">\n\t\t\t\t<div class=\"elementor-widget-container\">\n\t\t\t\t\t<h2 class=\"elementor-heading-title elementor-size-default\">SECTOR SECUNDARIO<\/h2>\t\t\t\t<\/div>\n\t\t\t\t<\/div>\n\t\t\t\t\t<\/div>\n\t\t<\/div>\n\t\t\t\t\t<\/div>\n\t\t<\/section>\n\t\t\t\t<section class=\"elementor-section elementor-top-section elementor-element elementor-element-76c4d79 elementor-section-full_width elementor-section-height-default elementor-section-height-default\" data-id=\"76c4d79\" data-element_type=\"section\">\n\t\t\t\t\t\t<div class=\"elementor-container elementor-column-gap-default\">\n\t\t\t\t\t<div class=\"elementor-column elementor-col-100 elementor-top-column elementor-element elementor-element-d6005c5\" data-id=\"d6005c5\" data-element_type=\"column\">\n\t\t\t<div class=\"elementor-widget-wrap elementor-element-populated\">\n\t\t\t\t\t\t<div class=\"elementor-element elementor-element-7be8cdb elementor-widget elementor-widget-text-editor\" data-id=\"7be8cdb\" data-element_type=\"widget\" data-widget_type=\"text-editor.default\">\n\t\t\t\t<div class=\"elementor-widget-container\">\n\t\t\t\t\t\t\t\t\t<p><span style=\"font-size: inherit;\">LA IMPORTANCIA DE LA TECNOLOG\u00cdA EN EL SECTOR SECUNDARIO:<\/span><\/p><p><span style=\"font-size: inherit;\"><br \/>La tecnolog\u00eda es fundamental en el Sector Secundario, que incluye las industrias manufactureras y de construcci\u00f3n. Aqu\u00ed algunos puntos clave sobre su importancia:<\/span><\/p><p><span style=\"font-size: inherit;\"><br \/>1. Automatizaci\u00f3n y eficiencia: La implementaci\u00f3n de maquinaria avanzada y robots industriales ha revolucionado la producci\u00f3n, aumentando la eficiencia, reduciendo costos y mejorando la calidad de los<br \/>productos.<\/span><\/p><p><span style=\"font-size: inherit;\"><br \/>2. Innovaci\u00f3n y desarrollo de productos: La tecnolog\u00eda permite el dise\u00f1o y desarrollo de nuevos productos y materiales, lo que impulsa la<br \/>competitividad y la adaptaci\u00f3n a las demandas del mercado.<\/span><\/p><p><span style=\"font-size: inherit;\"><br \/>3. Control de calidad: Sistemas avanzados de control y monitoreo garantizan la calidad de los productos, reduciendo el desperdicio y mejorando la satisfacci\u00f3n del cliente.<\/span><\/p><p><span style=\"font-size: inherit;\"><br \/>4. Seguridad laboral: La implementaci\u00f3n de tecnolog\u00edas de seguridad,<br \/>como sensores y dispositivos de protecci\u00f3n, reduce el riesgo de accidentes laborales, protegiendo a los trabajadores.<\/span><\/p><p><span style=\"font-size: inherit;\"><br \/>5. Sostenibilidad: La adopci\u00f3n de tecnolog\u00edas limpias y eficientes en el uso de recursos naturales contribuye a la sostenibilidad ambiental, reduciendo la huella de carbono de las industrias.<\/span><\/p><p><span style=\"font-size: inherit;\"><br \/>6. Optimizaci\u00f3n de la cadena de suministro: Tecnolog\u00edas como el Internet de las Cosas (IoT) y la inteligencia artificial mejoran la gesti\u00f3n de<br \/>la cadena de suministro, desde el aprovisionamiento de materias primas hasta la entrega de productos finales.<\/span><\/p><p><span style=\"font-size: inherit;\"><br \/>7. Capacitaci\u00f3n y desarrollo de habilidades: La tecnolog\u00eda facilita la formaci\u00f3n y capacitaci\u00f3n continua de los trabajadores, prepar\u00e1ndolos para los desaf\u00edos de una industria en constante evoluci\u00f3n.<\/span><\/p><p><span style=\"font-size: inherit;\"><br \/>En conclusi\u00f3n, la tecnolog\u00eda es un motor de progreso y competitividad en el<br \/>sector secundario, impulsando la innovaci\u00f3n, la eficiencia y la sostenibilidad.<br \/>\u00bfHay alg\u00fan aspecto en particular que te interese profundizar?\u00bfTienes<br \/>dudas y no encuentras la respuesta? EURO-TEC, es tu Estudio<br \/>Tecnol\u00f3gico de Confianza, puedes consultarnos y\/o preguntarnos cualquier cosa, nuestr@s expert@s, resolver\u00e1n tu duda, solucionar\u00e1n tu problema.<\/span><\/p>\t\t\t\t\t\t\t\t<\/div>\n\t\t\t\t<\/div>\n\t\t\t\t\t<\/div>\n\t\t<\/div>\n\t\t\t\t\t<\/div>\n\t\t<\/section>\n\t\t\t\t<\/div>","protected":false},"excerpt":{"rendered":"<p>SECTOR SECUNDARIO LA IMPORTANCIA DE LA TECNOLOG\u00cdA EN EL SECTOR SECUNDARIO: La tecnolog\u00eda es fundamental en el Sector Secundario, que incluye las industrias manufactureras y de construcci\u00f3n. Aqu\u00ed algunos puntos clave sobre su importancia: 1. Automatizaci\u00f3n y eficiencia: La implementaci\u00f3n de maquinaria avanzada y robots industriales ha revolucionado la producci\u00f3n, aumentando la eficiencia, reduciendo costos &#8230; <a title=\"Sector secundario\" class=\"read-more\" href=\"https:\/\/euro-tec.tech\/en\/sector-secundario\/\" aria-label=\"Read more about Sector secundario\">Read more<\/a><\/p>","protected":false},"author":1,"featured_media":0,"parent":0,"menu_order":0,"comment_status":"closed","ping_status":"closed","template":"elementor_header_footer","meta":{"_joinchat":[],"footnotes":""},"class_list":["post-2907","page","type-page","status-publish"],"yoast_head":"<!-- This site is optimized with the Yoast SEO plugin v25.0 - https:\/\/yoast.com\/wordpress\/plugins\/seo\/ -->\n<title>Sector secundario - Eurotec<\/title>\n<meta name=\"robots\" content=\"index, follow, max-snippet:-1, max-image-preview:large, max-video-preview:-1\" \/>\n<link rel=\"canonical\" href=\"https:\/\/euro-tec.tech\/en\/sector-secundario\/\" \/>\n<meta property=\"og:locale\" content=\"en_US\" \/>\n<meta property=\"og:type\" content=\"article\" \/>\n<meta property=\"og:title\" content=\"Sector secundario - Eurotec\" \/>\n<meta property=\"og:description\" content=\"SECTOR SECUNDARIO LA IMPORTANCIA DE LA TECNOLOG\u00cdA EN EL SECTOR SECUNDARIO: La tecnolog\u00eda es fundamental en el Sector Secundario, que incluye las industrias manufactureras y de construcci\u00f3n. Aqu\u00ed algunos puntos clave sobre su importancia: 1. Automatizaci\u00f3n y eficiencia: La implementaci\u00f3n de maquinaria avanzada y robots industriales ha revolucionado la producci\u00f3n, aumentando la eficiencia, reduciendo costos ... Read more\" \/>\n<meta property=\"og:url\" content=\"https:\/\/euro-tec.tech\/en\/sector-secundario\/\" \/>\n<meta property=\"og:site_name\" content=\"Eurotec\" \/>\n<meta property=\"article:modified_time\" content=\"2025-02-05T09:24:52+00:00\" \/>\n<meta name=\"twitter:card\" content=\"summary_large_image\" \/>\n<meta name=\"twitter:label1\" content=\"Est. reading time\" \/>\n\t<meta name=\"twitter:data1\" content=\"2 minutes\" \/>\n<script type=\"application\/ld+json\" class=\"yoast-schema-graph\">{\"@context\":\"https:\/\/schema.org\",\"@graph\":[{\"@type\":\"WebPage\",\"@id\":\"https:\/\/euro-tec.tech\/sector-secundario\/\",\"url\":\"https:\/\/euro-tec.tech\/sector-secundario\/\",\"name\":\"Sector secundario - Eurotec\",\"isPartOf\":{\"@id\":\"https:\/\/euro-tec.tech\/#website\"},\"datePublished\":\"2025-02-03T15:53:34+00:00\",\"dateModified\":\"2025-02-05T09:24:52+00:00\",\"breadcrumb\":{\"@id\":\"https:\/\/euro-tec.tech\/sector-secundario\/#breadcrumb\"},\"inLanguage\":\"en-US\",\"potentialAction\":[{\"@type\":\"ReadAction\",\"target\":[\"https:\/\/euro-tec.tech\/sector-secundario\/\"]}]},{\"@type\":\"BreadcrumbList\",\"@id\":\"https:\/\/euro-tec.tech\/sector-secundario\/#breadcrumb\",\"itemListElement\":[{\"@type\":\"ListItem\",\"position\":1,\"name\":\"Portada\",\"item\":\"https:\/\/euro-tec.tech\/\"},{\"@type\":\"ListItem\",\"position\":2,\"name\":\"Sector secundario\"}]},{\"@type\":\"WebSite\",\"@id\":\"https:\/\/euro-tec.tech\/#website\",\"url\":\"https:\/\/euro-tec.tech\/\",\"name\":\"Eurotec\",\"description\":\"IA\",\"potentialAction\":[{\"@type\":\"SearchAction\",\"target\":{\"@type\":\"EntryPoint\",\"urlTemplate\":\"https:\/\/euro-tec.tech\/?s={search_term_string}\"},\"query-input\":{\"@type\":\"PropertyValueSpecification\",\"valueRequired\":true,\"valueName\":\"search_term_string\"}}],\"inLanguage\":\"en-US\"}]}<\/script>\n<!-- \/ Yoast SEO plugin. -->","yoast_head_json":{"title":"Sector secundario - Eurotec","robots":{"index":"index","follow":"follow","max-snippet":"max-snippet:-1","max-image-preview":"max-image-preview:large","max-video-preview":"max-video-preview:-1"},"canonical":"https:\/\/euro-tec.tech\/en\/sector-secundario\/","og_locale":"en_US","og_type":"article","og_title":"Sector secundario - Eurotec","og_description":"SECTOR SECUNDARIO LA IMPORTANCIA DE LA TECNOLOG\u00cdA EN EL SECTOR SECUNDARIO: La tecnolog\u00eda es fundamental en el Sector Secundario, que incluye las industrias manufactureras y de construcci\u00f3n. Aqu\u00ed algunos puntos clave sobre su importancia: 1. Automatizaci\u00f3n y eficiencia: La implementaci\u00f3n de maquinaria avanzada y robots industriales ha revolucionado la producci\u00f3n, aumentando la eficiencia, reduciendo costos ... Read more","og_url":"https:\/\/euro-tec.tech\/en\/sector-secundario\/","og_site_name":"Eurotec","article_modified_time":"2025-02-05T09:24:52+00:00","twitter_card":"summary_large_image","twitter_misc":{"Est. reading time":"2 minutes"},"schema":{"@context":"https:\/\/schema.org","@graph":[{"@type":"WebPage","@id":"https:\/\/euro-tec.tech\/sector-secundario\/","url":"https:\/\/euro-tec.tech\/sector-secundario\/","name":"Sector secundario - Eurotec","isPartOf":{"@id":"https:\/\/euro-tec.tech\/#website"},"datePublished":"2025-02-03T15:53:34+00:00","dateModified":"2025-02-05T09:24:52+00:00","breadcrumb":{"@id":"https:\/\/euro-tec.tech\/sector-secundario\/#breadcrumb"},"inLanguage":"en-US","potentialAction":[{"@type":"ReadAction","target":["https:\/\/euro-tec.tech\/sector-secundario\/"]}]},{"@type":"BreadcrumbList","@id":"https:\/\/euro-tec.tech\/sector-secundario\/#breadcrumb","itemListElement":[{"@type":"ListItem","position":1,"name":"Portada","item":"https:\/\/euro-tec.tech\/"},{"@type":"ListItem","position":2,"name":"Sector secundario"}]},{"@type":"WebSite","@id":"https:\/\/euro-tec.tech\/#website","url":"https:\/\/euro-tec.tech\/","name":"Eurotec","description":"IA","potentialAction":[{"@type":"SearchAction","target":{"@type":"EntryPoint","urlTemplate":"https:\/\/euro-tec.tech\/?s={search_term_string}"},"query-input":{"@type":"PropertyValueSpecification","valueRequired":true,"valueName":"search_term_string"}}],"inLanguage":"en-US"}]}},"_links":{"self":[{"href":"https:\/\/euro-tec.tech\/en\/wp-json\/wp\/v2\/pages\/2907","targetHints":{"allow":["GET"]}}],"collection":[{"href":"https:\/\/euro-tec.tech\/en\/wp-json\/wp\/v2\/pages"}],"about":[{"href":"https:\/\/euro-tec.tech\/en\/wp-json\/wp\/v2\/types\/page"}],"author":[{"embeddable":true,"href":"https:\/\/euro-tec.tech\/en\/wp-json\/wp\/v2\/users\/1"}],"replies":[{"embeddable":true,"href":"https:\/\/euro-tec.tech\/en\/wp-json\/wp\/v2\/comments?post=2907"}],"version-history":[{"count":7,"href":"https:\/\/euro-tec.tech\/en\/wp-json\/wp\/v2\/pages\/2907\/revisions"}],"predecessor-version":[{"id":3023,"href":"https:\/\/euro-tec.tech\/en\/wp-json\/wp\/v2\/pages\/2907\/revisions\/3023"}],"wp:attachment":[{"href":"https:\/\/euro-tec.tech\/en\/wp-json\/wp\/v2\/media?parent=2907"}],"curies":[{"name":"wp","href":"https:\/\/api.w.org\/{rel}","templated":true}]}}