{"id":2906,"date":"2025-02-03T15:53:26","date_gmt":"2025-02-03T15:53:26","guid":{"rendered":"https:\/\/euro-tec.tech\/?page_id=2906"},"modified":"2025-02-05T09:24:52","modified_gmt":"2025-02-05T09:24:52","slug":"sector-primario","status":"publish","type":"page","link":"https:\/\/euro-tec.tech\/en\/sector-primario\/","title":{"rendered":"Sector primario"},"content":{"rendered":"<div data-elementor-type=\"wp-page\" data-elementor-id=\"2906\" class=\"elementor elementor-2906\" data-elementor-post-type=\"page\">\n\t\t\t\t\t\t<section class=\"elementor-section elementor-top-section elementor-element elementor-element-37f16aa elementor-section-full_width elementor-section-height-default elementor-section-height-default\" data-id=\"37f16aa\" data-element_type=\"section\">\n\t\t\t\t\t\t<div class=\"elementor-container elementor-column-gap-default\">\n\t\t\t\t\t<div class=\"elementor-column elementor-col-100 elementor-top-column elementor-element elementor-element-a9ce672\" data-id=\"a9ce672\" data-element_type=\"column\">\n\t\t\t<div class=\"elementor-widget-wrap elementor-element-populated\">\n\t\t\t\t\t\t<div class=\"elementor-element elementor-element-d13f8c9 elementor-widget elementor-widget-heading\" data-id=\"d13f8c9\" data-element_type=\"widget\" data-widget_type=\"heading.default\">\n\t\t\t\t<div class=\"elementor-widget-container\">\n\t\t\t\t\t<h2 class=\"elementor-heading-title elementor-size-default\">SECTOR PRIMARIO<\/h2>\t\t\t\t<\/div>\n\t\t\t\t<\/div>\n\t\t\t\t\t<\/div>\n\t\t<\/div>\n\t\t\t\t\t<\/div>\n\t\t<\/section>\n\t\t\t\t<section class=\"elementor-section elementor-top-section elementor-element elementor-element-b8f0058 elementor-section-full_width elementor-section-height-default elementor-section-height-default\" data-id=\"b8f0058\" data-element_type=\"section\">\n\t\t\t\t\t\t<div class=\"elementor-container elementor-column-gap-default\">\n\t\t\t\t\t<div class=\"elementor-column elementor-col-100 elementor-top-column elementor-element elementor-element-0a10d4c\" data-id=\"0a10d4c\" data-element_type=\"column\">\n\t\t\t<div class=\"elementor-widget-wrap elementor-element-populated\">\n\t\t\t\t\t\t<div class=\"elementor-element elementor-element-715f19c elementor-widget elementor-widget-text-editor\" data-id=\"715f19c\" data-element_type=\"widget\" data-widget_type=\"text-editor.default\">\n\t\t\t\t<div class=\"elementor-widget-container\">\n\t\t\t\t\t\t\t\t\t<p>LA IMPORTANCIA DE LA TECNOLOG\u00cdA EN EL SECTOR PRIMARIO:<br \/>La tecnolog\u00eda juega un papel crucial en el Sector Primario, que incluye la agricultura, la ganader\u00eda, la pesca y la silvicultura, aportando grandes beneficios, tales como:<\/p><p>1. Aumento de la eficiencia: La tecnolog\u00eda permite la automatizaci\u00f3n de procesos y la optimizaci\u00f3n del uso de recursos, lo que aumenta la<br \/>eficiencia y la productividad. Por ejemplo, el uso de maquinaria avanzada y sistemas de riego automatizados en la agricultura.<\/p><p>2. Mejor gesti\u00f3n de los recursos naturales: Las tecnolog\u00edas como los sistemas de informaci\u00f3n geogr\u00e1fica (SIG) y los sensores remotos ayudan a monitorizar y gestionar mejor los recursos naturales. Esto es crucial para<br \/>la sostenibilidad y la preservaci\u00f3n del medio ambiente.<\/p><p>3. Innovaci\u00f3n en biotecnolog\u00eda: El desarrollo de cultivos gen\u00e9ticamente modificados y t\u00e9cnicas avanzadas de cr\u00eda de animales ha permitido mejorar la resistencia a enfermedades y aumentar los rendimientos.<\/p><p>4. Monitoreo y control en tiempo real: Los drones y sensores en el campo permiten a los agricultores y ganaderos monitorear la salud de los cultivos y animales en tiempo real, facilitando una respuesta r\u00e1pida a cualquier problema.<\/p><p>5. Sostenibilidad y protecci\u00f3n ambiental: La tecnolog\u00eda ayuda a implementar pr\u00e1cticas m\u00e1s sostenibles, como la agricultura de precisi\u00f3n y el uso de energ\u00edas renovables, reduciendo el impacto ambiental.<\/p><p>6. Acceso a informaci\u00f3n y mercados: Las plataformas digitales y las aplicaciones m\u00f3viles facilitan el acceso a informaci\u00f3n vital sobre precios de mercado, condiciones meteorol\u00f3gicas y mejores pr\u00e1cticas agr\u00edcolas,<br \/>ayudando a los productores a tomar decisiones m\u00e1s informadas.<\/p><p>En conclusi\u00f3n, la integraci\u00f3n de la tecnolog\u00eda en el sector primario no solo mejora la eficiencia y la productividad, sino que tambi\u00e9n promueve pr\u00e1cticas m\u00e1s sostenibles y ayuda a los productores a adaptarse a los desaf\u00edos actuales y futuros.<br \/>\u00bfHay alg\u00fan aspecto en particular que te interese profundizar?\u00bfTienes<br \/>dudas y no encuentras la respuesta? EURO-TEC, es tu Estudio Tecnol\u00f3gico de Confianza, puedes consultarnos y\/o preguntarnos cualquier cosa, nuestr@s expert@s, resolver\u00e1n tu duda, solucionar\u00e1n tu problema.<\/p>\t\t\t\t\t\t\t\t<\/div>\n\t\t\t\t<\/div>\n\t\t\t\t\t<\/div>\n\t\t<\/div>\n\t\t\t\t\t<\/div>\n\t\t<\/section>\n\t\t\t\t<\/div>","protected":false},"excerpt":{"rendered":"<p>SECTOR PRIMARIO LA IMPORTANCIA DE LA TECNOLOG\u00cdA EN EL SECTOR PRIMARIO:La tecnolog\u00eda juega un papel crucial en el Sector Primario, que incluye la agricultura, la ganader\u00eda, la pesca y la silvicultura, aportando grandes beneficios, tales como: 1. Aumento de la eficiencia: La tecnolog\u00eda permite la automatizaci\u00f3n de procesos y la optimizaci\u00f3n del uso de recursos, &#8230; <a title=\"Sector primario\" class=\"read-more\" href=\"https:\/\/euro-tec.tech\/en\/sector-primario\/\" aria-label=\"Read more about Sector primario\">Read more<\/a><\/p>","protected":false},"author":1,"featured_media":0,"parent":0,"menu_order":0,"comment_status":"closed","ping_status":"closed","template":"elementor_header_footer","meta":{"_joinchat":[],"footnotes":""},"class_list":["post-2906","page","type-page","status-publish"],"yoast_head":"<!-- This site is optimized with the Yoast SEO plugin v25.0 - https:\/\/yoast.com\/wordpress\/plugins\/seo\/ -->\n<title>Sector primario - Eurotec<\/title>\n<meta name=\"robots\" content=\"index, follow, max-snippet:-1, max-image-preview:large, max-video-preview:-1\" \/>\n<link rel=\"canonical\" href=\"https:\/\/euro-tec.tech\/en\/sector-primario\/\" \/>\n<meta property=\"og:locale\" content=\"en_US\" \/>\n<meta property=\"og:type\" content=\"article\" \/>\n<meta property=\"og:title\" content=\"Sector primario - Eurotec\" \/>\n<meta property=\"og:description\" content=\"SECTOR PRIMARIO LA IMPORTANCIA DE LA TECNOLOG\u00cdA EN EL SECTOR PRIMARIO:La tecnolog\u00eda juega un papel crucial en el Sector Primario, que incluye la agricultura, la ganader\u00eda, la pesca y la silvicultura, aportando grandes beneficios, tales como: 1. Aumento de la eficiencia: La tecnolog\u00eda permite la automatizaci\u00f3n de procesos y la optimizaci\u00f3n del uso de recursos, ... Read more\" \/>\n<meta property=\"og:url\" content=\"https:\/\/euro-tec.tech\/en\/sector-primario\/\" \/>\n<meta property=\"og:site_name\" content=\"Eurotec\" \/>\n<meta property=\"article:modified_time\" content=\"2025-02-05T09:24:52+00:00\" \/>\n<meta name=\"twitter:card\" content=\"summary_large_image\" \/>\n<meta name=\"twitter:label1\" content=\"Est. reading time\" \/>\n\t<meta name=\"twitter:data1\" content=\"2 minutes\" \/>\n<script type=\"application\/ld+json\" class=\"yoast-schema-graph\">{\"@context\":\"https:\/\/schema.org\",\"@graph\":[{\"@type\":\"WebPage\",\"@id\":\"https:\/\/euro-tec.tech\/sector-primario\/\",\"url\":\"https:\/\/euro-tec.tech\/sector-primario\/\",\"name\":\"Sector primario - Eurotec\",\"isPartOf\":{\"@id\":\"https:\/\/euro-tec.tech\/#website\"},\"datePublished\":\"2025-02-03T15:53:26+00:00\",\"dateModified\":\"2025-02-05T09:24:52+00:00\",\"breadcrumb\":{\"@id\":\"https:\/\/euro-tec.tech\/sector-primario\/#breadcrumb\"},\"inLanguage\":\"en-US\",\"potentialAction\":[{\"@type\":\"ReadAction\",\"target\":[\"https:\/\/euro-tec.tech\/sector-primario\/\"]}]},{\"@type\":\"BreadcrumbList\",\"@id\":\"https:\/\/euro-tec.tech\/sector-primario\/#breadcrumb\",\"itemListElement\":[{\"@type\":\"ListItem\",\"position\":1,\"name\":\"Portada\",\"item\":\"https:\/\/euro-tec.tech\/\"},{\"@type\":\"ListItem\",\"position\":2,\"name\":\"Sector primario\"}]},{\"@type\":\"WebSite\",\"@id\":\"https:\/\/euro-tec.tech\/#website\",\"url\":\"https:\/\/euro-tec.tech\/\",\"name\":\"Eurotec\",\"description\":\"IA\",\"potentialAction\":[{\"@type\":\"SearchAction\",\"target\":{\"@type\":\"EntryPoint\",\"urlTemplate\":\"https:\/\/euro-tec.tech\/?s={search_term_string}\"},\"query-input\":{\"@type\":\"PropertyValueSpecification\",\"valueRequired\":true,\"valueName\":\"search_term_string\"}}],\"inLanguage\":\"en-US\"}]}<\/script>\n<!-- \/ Yoast SEO plugin. -->","yoast_head_json":{"title":"Sector primario - Eurotec","robots":{"index":"index","follow":"follow","max-snippet":"max-snippet:-1","max-image-preview":"max-image-preview:large","max-video-preview":"max-video-preview:-1"},"canonical":"https:\/\/euro-tec.tech\/en\/sector-primario\/","og_locale":"en_US","og_type":"article","og_title":"Sector primario - Eurotec","og_description":"SECTOR PRIMARIO LA IMPORTANCIA DE LA TECNOLOG\u00cdA EN EL SECTOR PRIMARIO:La tecnolog\u00eda juega un papel crucial en el Sector Primario, que incluye la agricultura, la ganader\u00eda, la pesca y la silvicultura, aportando grandes beneficios, tales como: 1. Aumento de la eficiencia: La tecnolog\u00eda permite la automatizaci\u00f3n de procesos y la optimizaci\u00f3n del uso de recursos, ... Read more","og_url":"https:\/\/euro-tec.tech\/en\/sector-primario\/","og_site_name":"Eurotec","article_modified_time":"2025-02-05T09:24:52+00:00","twitter_card":"summary_large_image","twitter_misc":{"Est. reading time":"2 minutes"},"schema":{"@context":"https:\/\/schema.org","@graph":[{"@type":"WebPage","@id":"https:\/\/euro-tec.tech\/sector-primario\/","url":"https:\/\/euro-tec.tech\/sector-primario\/","name":"Sector primario - Eurotec","isPartOf":{"@id":"https:\/\/euro-tec.tech\/#website"},"datePublished":"2025-02-03T15:53:26+00:00","dateModified":"2025-02-05T09:24:52+00:00","breadcrumb":{"@id":"https:\/\/euro-tec.tech\/sector-primario\/#breadcrumb"},"inLanguage":"en-US","potentialAction":[{"@type":"ReadAction","target":["https:\/\/euro-tec.tech\/sector-primario\/"]}]},{"@type":"BreadcrumbList","@id":"https:\/\/euro-tec.tech\/sector-primario\/#breadcrumb","itemListElement":[{"@type":"ListItem","position":1,"name":"Portada","item":"https:\/\/euro-tec.tech\/"},{"@type":"ListItem","position":2,"name":"Sector primario"}]},{"@type":"WebSite","@id":"https:\/\/euro-tec.tech\/#website","url":"https:\/\/euro-tec.tech\/","name":"Eurotec","description":"IA","potentialAction":[{"@type":"SearchAction","target":{"@type":"EntryPoint","urlTemplate":"https:\/\/euro-tec.tech\/?s={search_term_string}"},"query-input":{"@type":"PropertyValueSpecification","valueRequired":true,"valueName":"search_term_string"}}],"inLanguage":"en-US"}]}},"_links":{"self":[{"href":"https:\/\/euro-tec.tech\/en\/wp-json\/wp\/v2\/pages\/2906","targetHints":{"allow":["GET"]}}],"collection":[{"href":"https:\/\/euro-tec.tech\/en\/wp-json\/wp\/v2\/pages"}],"about":[{"href":"https:\/\/euro-tec.tech\/en\/wp-json\/wp\/v2\/types\/page"}],"author":[{"embeddable":true,"href":"https:\/\/euro-tec.tech\/en\/wp-json\/wp\/v2\/users\/1"}],"replies":[{"embeddable":true,"href":"https:\/\/euro-tec.tech\/en\/wp-json\/wp\/v2\/comments?post=2906"}],"version-history":[{"count":7,"href":"https:\/\/euro-tec.tech\/en\/wp-json\/wp\/v2\/pages\/2906\/revisions"}],"predecessor-version":[{"id":3024,"href":"https:\/\/euro-tec.tech\/en\/wp-json\/wp\/v2\/pages\/2906\/revisions\/3024"}],"wp:attachment":[{"href":"https:\/\/euro-tec.tech\/en\/wp-json\/wp\/v2\/media?parent=2906"}],"curies":[{"name":"wp","href":"https:\/\/api.w.org\/{rel}","templated":true}]}}