{"id":2904,"date":"2025-02-03T15:50:56","date_gmt":"2025-02-03T15:50:56","guid":{"rendered":"https:\/\/euro-tec.tech\/?page_id=2904"},"modified":"2025-05-12T15:28:03","modified_gmt":"2025-05-12T15:28:03","slug":"por-que-elegirnos","status":"publish","type":"page","link":"https:\/\/euro-tec.tech\/en\/por-que-elegirnos\/","title":{"rendered":"Por que elegirnos"},"content":{"rendered":"<div data-elementor-type=\"wp-page\" data-elementor-id=\"2904\" class=\"elementor elementor-2904\" data-elementor-post-type=\"page\">\n\t\t\t\t\t\t<section class=\"elementor-section elementor-top-section elementor-element elementor-element-3bf7126 elementor-section-full_width elementor-section-height-default elementor-section-height-default\" data-id=\"3bf7126\" data-element_type=\"section\">\n\t\t\t\t\t\t<div class=\"elementor-container elementor-column-gap-default\">\n\t\t\t\t\t<div class=\"elementor-column elementor-col-100 elementor-top-column elementor-element elementor-element-e659202\" data-id=\"e659202\" data-element_type=\"column\">\n\t\t\t<div class=\"elementor-widget-wrap elementor-element-populated\">\n\t\t\t\t\t\t<div class=\"elementor-element elementor-element-f748b3e elementor-widget elementor-widget-heading\" data-id=\"f748b3e\" data-element_type=\"widget\" data-widget_type=\"heading.default\">\n\t\t\t\t<div class=\"elementor-widget-container\">\n\t\t\t\t\t<h2 class=\"elementor-heading-title elementor-size-default\">\u00bfPOR QU\u00c9 ELEGIRNOS?<\/h2>\t\t\t\t<\/div>\n\t\t\t\t<\/div>\n\t\t\t\t\t<\/div>\n\t\t<\/div>\n\t\t\t\t\t<\/div>\n\t\t<\/section>\n\t\t\t\t<section class=\"elementor-section elementor-top-section elementor-element elementor-element-013d465 elementor-section-boxed elementor-section-height-default elementor-section-height-default\" data-id=\"013d465\" data-element_type=\"section\">\n\t\t\t\t\t\t<div class=\"elementor-container elementor-column-gap-default\">\n\t\t\t\t\t<div class=\"elementor-column elementor-col-25 elementor-top-column elementor-element elementor-element-d3d0dba elementor-invisible\" data-id=\"d3d0dba\" data-element_type=\"column\" data-settings=\"{&quot;background_background&quot;:&quot;gradient&quot;,&quot;animation&quot;:&quot;fadeInRight&quot;}\">\n\t\t\t<div class=\"elementor-widget-wrap elementor-element-populated\">\n\t\t\t\t\t\t<div class=\"elementor-element elementor-element-d5225a0 elementor-widget elementor-widget-text-editor\" data-id=\"d5225a0\" data-element_type=\"widget\" data-widget_type=\"text-editor.default\">\n\t\t\t\t<div class=\"elementor-widget-container\">\n\t\t\t\t\t\t\t\t\t<p>\u00a0<\/p><p><strong>Especializaci\u00f3n en todo lo concerniente y relacionado con la Tecnolog\u00eda.<\/strong><\/p>\t\t\t\t\t\t\t\t<\/div>\n\t\t\t\t<\/div>\n\t\t\t\t\t<\/div>\n\t\t<\/div>\n\t\t\t\t<div class=\"elementor-column elementor-col-25 elementor-top-column elementor-element elementor-element-8478310 elementor-invisible\" data-id=\"8478310\" data-element_type=\"column\" data-settings=\"{&quot;background_background&quot;:&quot;gradient&quot;,&quot;animation&quot;:&quot;fadeInRight&quot;}\">\n\t\t\t<div class=\"elementor-widget-wrap elementor-element-populated\">\n\t\t\t\t\t\t<div class=\"elementor-element elementor-element-fe89b95 elementor-widget elementor-widget-text-editor\" data-id=\"fe89b95\" data-element_type=\"widget\" data-widget_type=\"text-editor.default\">\n\t\t\t\t<div class=\"elementor-widget-container\">\n\t\t\t\t\t\t\t\t\t<p>\u00a0<\/p><p><strong style=\"font-size: inherit;\">Asesoramiento Personalizado.<\/strong><\/p>\t\t\t\t\t\t\t\t<\/div>\n\t\t\t\t<\/div>\n\t\t\t\t\t<\/div>\n\t\t<\/div>\n\t\t\t\t<div class=\"elementor-column elementor-col-25 elementor-top-column elementor-element elementor-element-45310c7 elementor-invisible\" data-id=\"45310c7\" data-element_type=\"column\" data-settings=\"{&quot;background_background&quot;:&quot;gradient&quot;,&quot;animation&quot;:&quot;fadeInRight&quot;}\">\n\t\t\t<div class=\"elementor-widget-wrap elementor-element-populated\">\n\t\t\t\t\t\t<div class=\"elementor-element elementor-element-74b5719 elementor-widget elementor-widget-text-editor\" data-id=\"74b5719\" data-element_type=\"widget\" data-widget_type=\"text-editor.default\">\n\t\t\t\t<div class=\"elementor-widget-container\">\n\t\t\t\t\t\t\t\t\t<p>\u00a0<\/p><p><strong>Innovaci\u00f3n, Eficacia y Eficiencia.<\/strong><\/p>\t\t\t\t\t\t\t\t<\/div>\n\t\t\t\t<\/div>\n\t\t\t\t\t<\/div>\n\t\t<\/div>\n\t\t\t\t<div class=\"elementor-column elementor-col-25 elementor-top-column elementor-element elementor-element-6f3024b elementor-invisible\" data-id=\"6f3024b\" data-element_type=\"column\" data-settings=\"{&quot;background_background&quot;:&quot;gradient&quot;,&quot;animation&quot;:&quot;fadeInRight&quot;}\">\n\t\t\t<div class=\"elementor-widget-wrap elementor-element-populated\">\n\t\t\t\t\t\t<div class=\"elementor-element elementor-element-1756fa1 elementor-widget elementor-widget-text-editor\" data-id=\"1756fa1\" data-element_type=\"widget\" data-widget_type=\"text-editor.default\">\n\t\t\t\t<div class=\"elementor-widget-container\">\n\t\t\t\t\t\t\t\t\t<p>\u00a0<\/p><p><strong>Enfoque <\/strong><\/p><p><strong>Proactivo.<\/strong><\/p>\t\t\t\t\t\t\t\t<\/div>\n\t\t\t\t<\/div>\n\t\t\t\t\t<\/div>\n\t\t<\/div>\n\t\t\t\t\t<\/div>\n\t\t<\/section>\n\t\t\t\t<section class=\"elementor-section elementor-top-section elementor-element elementor-element-26cfa8b elementor-section-boxed elementor-section-height-default elementor-section-height-default\" data-id=\"26cfa8b\" data-element_type=\"section\">\n\t\t\t\t\t\t<div class=\"elementor-container elementor-column-gap-default\">\n\t\t\t\t\t<div class=\"elementor-column elementor-col-25 elementor-top-column elementor-element elementor-element-711ac07 elementor-invisible\" data-id=\"711ac07\" data-element_type=\"column\" data-settings=\"{&quot;background_background&quot;:&quot;gradient&quot;,&quot;animation&quot;:&quot;fadeInRight&quot;}\">\n\t\t\t<div class=\"elementor-widget-wrap elementor-element-populated\">\n\t\t\t\t\t\t<div class=\"elementor-element elementor-element-dbf3371 elementor-widget elementor-widget-text-editor\" data-id=\"dbf3371\" data-element_type=\"widget\" data-widget_type=\"text-editor.default\">\n\t\t\t\t<div class=\"elementor-widget-container\">\n\t\t\t\t\t\t\t\t\t<p>\u00a0<\/p><p><strong>Estudio Jur\u00eddico y Tecnol\u00f3gico.<\/strong><\/p>\t\t\t\t\t\t\t\t<\/div>\n\t\t\t\t<\/div>\n\t\t\t\t\t<\/div>\n\t\t<\/div>\n\t\t\t\t<div class=\"elementor-column elementor-col-25 elementor-top-column elementor-element elementor-element-a0f40c1 elementor-invisible\" data-id=\"a0f40c1\" data-element_type=\"column\" data-settings=\"{&quot;background_background&quot;:&quot;gradient&quot;,&quot;animation&quot;:&quot;fadeInRight&quot;}\">\n\t\t\t<div class=\"elementor-widget-wrap elementor-element-populated\">\n\t\t\t\t\t\t<div class=\"elementor-element elementor-element-1cfeb4c elementor-widget elementor-widget-text-editor\" data-id=\"1cfeb4c\" data-element_type=\"widget\" data-widget_type=\"text-editor.default\">\n\t\t\t\t<div class=\"elementor-widget-container\">\n\t\t\t\t\t\t\t\t\t<p>\u00a0<\/p><p><strong>Control y Domino.<\/strong><\/p>\t\t\t\t\t\t\t\t<\/div>\n\t\t\t\t<\/div>\n\t\t\t\t\t<\/div>\n\t\t<\/div>\n\t\t\t\t<div class=\"elementor-column elementor-col-25 elementor-top-column elementor-element elementor-element-85ce5a7 elementor-invisible\" data-id=\"85ce5a7\" data-element_type=\"column\" data-settings=\"{&quot;background_background&quot;:&quot;gradient&quot;,&quot;animation&quot;:&quot;fadeInRight&quot;}\">\n\t\t\t<div class=\"elementor-widget-wrap elementor-element-populated\">\n\t\t\t\t\t\t<div class=\"elementor-element elementor-element-f6aee6d elementor-widget elementor-widget-text-editor\" data-id=\"f6aee6d\" data-element_type=\"widget\" data-widget_type=\"text-editor.default\">\n\t\t\t\t<div class=\"elementor-widget-container\">\n\t\t\t\t\t\t\t\t\t<p>\u00a0<\/p><p><strong>Constante Evoluci\u00f3n Tecnol\u00f3gica.<\/strong><\/p>\t\t\t\t\t\t\t\t<\/div>\n\t\t\t\t<\/div>\n\t\t\t\t\t<\/div>\n\t\t<\/div>\n\t\t\t\t<div class=\"elementor-column elementor-col-25 elementor-top-column elementor-element elementor-element-9d92e9d elementor-invisible\" data-id=\"9d92e9d\" data-element_type=\"column\" data-settings=\"{&quot;background_background&quot;:&quot;gradient&quot;,&quot;animation&quot;:&quot;fadeInRight&quot;}\">\n\t\t\t<div class=\"elementor-widget-wrap elementor-element-populated\">\n\t\t\t\t\t\t<div class=\"elementor-element elementor-element-cc6a614 elementor-widget elementor-widget-text-editor\" data-id=\"cc6a614\" data-element_type=\"widget\" data-widget_type=\"text-editor.default\">\n\t\t\t\t<div class=\"elementor-widget-container\">\n\t\t\t\t\t\t\t\t\t<p>\u00a0<\/p><p><strong>Protecci\u00f3n y respuesta legal y t\u00e9cnica.<\/strong><\/p>\t\t\t\t\t\t\t\t<\/div>\n\t\t\t\t<\/div>\n\t\t\t\t\t<\/div>\n\t\t<\/div>\n\t\t\t\t\t<\/div>\n\t\t<\/section>\n\t\t\t\t<section class=\"elementor-section elementor-top-section elementor-element elementor-element-6f928c7 elementor-section-boxed elementor-section-height-default elementor-section-height-default\" data-id=\"6f928c7\" data-element_type=\"section\">\n\t\t\t\t\t\t<div class=\"elementor-container elementor-column-gap-default\">\n\t\t\t\t\t<div class=\"elementor-column elementor-col-100 elementor-top-column elementor-element elementor-element-5c7deff\" data-id=\"5c7deff\" data-element_type=\"column\">\n\t\t\t<div class=\"elementor-widget-wrap elementor-element-populated\">\n\t\t\t\t\t\t<div class=\"elementor-element elementor-element-01b56fc elementor-widget elementor-widget-text-editor\" data-id=\"01b56fc\" data-element_type=\"widget\" data-widget_type=\"text-editor.default\">\n\t\t\t\t<div class=\"elementor-widget-container\">\n\t\t\t\t\t\t\t\t\t<p><strong>Especializaci\u00f3n en todo lo concerniente y relacionado con la Tecnolog\u00eda.<\/strong> Nuestro equipo de trabajo tiene un profundo conocimiento en \u00e1reas de actuaci\u00f3n y trabajo claves, como la Protecci\u00f3n de Datos, la Ciberseguridad, la Propiedad Industrial e Intelectual, Inteligencia Artificial, as\u00ed como todo lo relacionado con el Derecho Digital o Inform\u00e1tico.<\/p><p><strong>Desde Nuestra Firma, entendemos los Desaf\u00edos \u00danicos, que enfrentan l@s Profesionales Individuales y las Empresas Tecnol\u00f3gicas, en un mundo cada vez m\u00e1s complejo en el \u00e1rea y\/o campo Tecnol\u00f3gic@. <\/strong><\/p><p><strong style=\"font-size: inherit;\">Asesoramiento\u00a0Personalizado:<\/strong><span style=\"font-size: inherit;\">\u00a0Cada\u00a0client@\u00a0es\u00a0\u00fanic@\u00a0y\u00a0merece\u00a0una\u00a0atenci\u00f3n\u00a0individualizada.\u00a0<\/span><strong style=\"font-size: inherit;\">En EURO-TEC,<\/strong><span style=\"font-size: inherit;\"> nos tomamos el tiempo necesario para entender las necesidades espec\u00edficas de Nuestr@s Client@s, <\/span><strong style=\"font-size: inherit;\">pudiendo ofrecer con ello, Estrategias Legales y T\u00e9cnicas a Tu medida, para que puedas alcanzar tus Objetivos Comerciales y Profesionales.<\/strong><\/p><p><strong>Innovaci\u00f3n, Eficacia y Eficiencia:<\/strong> Para satisfacer las necesidades de Nuestros Client@s y que consigas tus objetivos, utilizamos las \u00daltimas Herramientas y Tecnolog\u00edas para garantizar nuestra Eficacia, Eficiencia y poder ofrecer un Servicio de la M\u00e1xima Calidad.<\/p><p><strong>Nuestro Enfoque Proactivo,<\/strong> nos permite anticipar los posibles problemas legales y ofrecer soluciones antes de que dichos problemas y\/o situaciones se conviertan en obst\u00e1culos Comerciales y\/o Profesionales.<strong>\u00a0<\/strong><\/p><p><strong>EURO-TEC, Nuestro Estudio Jur\u00eddico y Tecnol\u00f3gico,<\/strong> ofrece el mejor Servicio de Asesoramiento Previo y de Defensa Jur\u00eddica y T\u00e9cnica Posterior, en todo lo concerniente a la \/con la Tecnolog\u00eda, sus Aplicaciones y\/o Usos, dado que Nuestro Equipo de car\u00e1cter Multidisciplinar, esta Compuesto por Expert@s que Controlan y Dominan a la Perfecci\u00f3n, el Marco Normativo y la Parte T\u00e9cnica de las Nuevas Tecnolog\u00edas y su Constante Evoluci\u00f3n.<\/p><p><strong>Control y Domino que abarca,<\/strong> desde las Normas que regulan desde los Delitos Inform\u00e1ticos,\u00a0 la Protecci\u00f3n de la Propiedad Intelectual e Industrial, as\u00ed como\u00a0 la Normativa en materia de Protecci\u00f3n de Datos Personales entre otr@s divers@s \u00e1reas y\/o campos, relacionad@s con estas ramas del Derecho y la Tecnolog\u00eda.<\/p><p><strong>IMPORTANTE NOS PARECE DESDE EURO-TEC,<\/strong> rese\u00f1ar que el Derecho\u00a0Tecnol\u00f3gico se refiere al Grupo de Normas que regulan el Impacto de las Tecnolog\u00edas de la Informaci\u00f3n y Comunicaci\u00f3n (TIC) sobre la sociedad y por consiguiente sobre las personas.<\/p><p><strong>La constante Evoluci\u00f3n Tecnol\u00f3gica, ha transformado la sociedad y la manera de gestionar las empresas y organizaciones de cualquier \u00e1mbito y\/o clase, as\u00ed como la vida personal de las personas en \u00e1reas y\/o campos tales como la educaci\u00f3n, la sanidad, el trabajo diario, la convivencia familiar as\u00ed como la forma en que los ciudadan@s se relacionan entre s\u00ed y con la Administraci\u00f3n P\u00fablica y\/o Estado.<\/strong><\/p><p><strong>Para dar protecci\u00f3n y respuesta legal y t\u00e9cnica a las situaciones y\/o conflictos que puedan surgir en Materia Tecnol\u00f3gica o derivada de ella,<\/strong>\u00a0es necesario que el Marco Jur\u00eddico y T\u00e9cnico evolucione\u00a0tambi\u00e9n, pudiendo as\u00ed proporcionar a las Autoridades Competentes y Responsables en \u00e9ste \u00e1rea y\/o campo, las herramientas necesarias para prevenir, minimizar, perseguir y castigar llegado el caso, las posibles Infracciones Administrativas, Civiles y Penales que pudieran darse<strong>. Siendo esta\u00a0 la raz\u00f3n de ser del Derecho Inform\u00e1tico, Tecnol\u00f3gico o Derecho de las Nuevas Tecnolog\u00edas, como actualmente se le conoce. EN EURO-TEC SOMOS EXPERT@S EN TECNOLOG\u00cdA.<\/strong><\/p><p><strong>A diferencia del Derecho Civil o Penal,<\/strong> que tienen su C\u00f3digo Normativo espec\u00edfico como norma principal, el Derecho Inform\u00e1tico o Tecnol\u00f3gico,\u00a0no es una Rama Jur\u00eddica como tal, sino que se compone de un abanico de normas\u00a0que regulan materias que van desde los Delitos cometidos a trav\u00e9s de medios inform\u00e1ticos hasta los Derechos de Propiedad Intelectual o el Tratamiento y Protecci\u00f3n de los Datos Personales y el Derecho al Honor y a la Propia Imagen entre Otr@s.<\/p><p><strong>Por todo ello,\u00a0el \u00e1mbito de aplicaci\u00f3n del Derecho Inform\u00e1tico o Tecnol\u00f3gico, es muy amplio, buscando la Normativa Reguladora en esta Materia,\u00a0 Proteger la Privacidad, el Honor y la Propia Imagen de las Empresas y Personas, en su Aplicaci\u00f3n y\/o Uso de las Nuevas Tecnolog\u00edas, sea cual sea \u00e9sta.<\/strong><\/p><p><strong>En la actualidad, tanto las Entidades Privadas como las P\u00fablicas, <\/strong>deben de contar con el asesoramiento, control\u00a0 y supervisi\u00f3n de Profesionales Expert@s en Derecho Inform\u00e1tico, Digital y\/o Tecnol\u00f3gico, en relaci\u00f3n a las Nuevas Tecnolog\u00edas, su Aplicaci\u00f3n y\/o Uso.<\/p><p><strong>En EURO-TEC, Nuestro Equipo de Trabajo, est\u00e1 capacitado y cualificado, para ofrecer el mejor Asesoramiento Jur\u00eddico y\/o T\u00e9cnico, en la Implantaci\u00f3n, Aplicaci\u00f3n, Uso y Posterior Desarrollo de Nuevas Tecnolog\u00edas, dando as\u00ed una respuesta adecuada a cualquier conflicto o vulneraci\u00f3n de los Derechos Fundamentales de \u00a0las Personas y\/o Empresas en esta Materia.<\/strong><\/p>\t\t\t\t\t\t\t\t<\/div>\n\t\t\t\t<\/div>\n\t\t\t\t\t<\/div>\n\t\t<\/div>\n\t\t\t\t\t<\/div>\n\t\t<\/section>\n\t\t\t\t<\/div>","protected":false},"excerpt":{"rendered":"<p>\u00bfPOR QU\u00c9 ELEGIRNOS? \u00a0 Especializaci\u00f3n en todo lo concerniente y relacionado con la Tecnolog\u00eda. \u00a0 Asesoramiento Personalizado. \u00a0 Innovaci\u00f3n, Eficacia y Eficiencia. \u00a0 Enfoque Proactivo. \u00a0 Estudio Jur\u00eddico y Tecnol\u00f3gico. \u00a0 Control y Domino. \u00a0 Constante Evoluci\u00f3n Tecnol\u00f3gica. \u00a0 Protecci\u00f3n y respuesta legal y t\u00e9cnica. Especializaci\u00f3n en todo lo concerniente y relacionado con la Tecnolog\u00eda. &#8230; <a title=\"Por que elegirnos\" class=\"read-more\" href=\"https:\/\/euro-tec.tech\/en\/por-que-elegirnos\/\" aria-label=\"Read more about Por que elegirnos\">Read more<\/a><\/p>","protected":false},"author":1,"featured_media":0,"parent":0,"menu_order":0,"comment_status":"closed","ping_status":"closed","template":"elementor_header_footer","meta":{"_joinchat":[],"footnotes":""},"class_list":["post-2904","page","type-page","status-publish"],"yoast_head":"<!-- This site is optimized with the Yoast SEO plugin v25.0 - https:\/\/yoast.com\/wordpress\/plugins\/seo\/ -->\n<title>Por que elegirnos - Eurotec<\/title>\n<meta name=\"robots\" content=\"index, follow, max-snippet:-1, max-image-preview:large, max-video-preview:-1\" \/>\n<link rel=\"canonical\" href=\"https:\/\/euro-tec.tech\/en\/por-que-elegirnos\/\" \/>\n<meta property=\"og:locale\" content=\"en_US\" \/>\n<meta property=\"og:type\" content=\"article\" \/>\n<meta property=\"og:title\" content=\"Por que elegirnos - Eurotec\" \/>\n<meta property=\"og:description\" content=\"\u00bfPOR QU\u00c9 ELEGIRNOS? \u00a0 Especializaci\u00f3n en todo lo concerniente y relacionado con la Tecnolog\u00eda. \u00a0 Asesoramiento Personalizado. \u00a0 Innovaci\u00f3n, Eficacia y Eficiencia. \u00a0 Enfoque Proactivo. \u00a0 Estudio Jur\u00eddico y Tecnol\u00f3gico. \u00a0 Control y Domino. \u00a0 Constante Evoluci\u00f3n Tecnol\u00f3gica. \u00a0 Protecci\u00f3n y respuesta legal y t\u00e9cnica. Especializaci\u00f3n en todo lo concerniente y relacionado con la Tecnolog\u00eda. ... Read more\" \/>\n<meta property=\"og:url\" content=\"https:\/\/euro-tec.tech\/en\/por-que-elegirnos\/\" \/>\n<meta property=\"og:site_name\" content=\"Eurotec\" \/>\n<meta property=\"article:modified_time\" content=\"2025-05-12T15:28:03+00:00\" \/>\n<meta name=\"twitter:card\" content=\"summary_large_image\" \/>\n<meta name=\"twitter:label1\" content=\"Est. reading time\" \/>\n\t<meta name=\"twitter:data1\" content=\"4 minutes\" \/>\n<script type=\"application\/ld+json\" class=\"yoast-schema-graph\">{\"@context\":\"https:\/\/schema.org\",\"@graph\":[{\"@type\":\"WebPage\",\"@id\":\"https:\/\/euro-tec.tech\/por-que-elegirnos\/\",\"url\":\"https:\/\/euro-tec.tech\/por-que-elegirnos\/\",\"name\":\"Por que elegirnos - Eurotec\",\"isPartOf\":{\"@id\":\"https:\/\/euro-tec.tech\/#website\"},\"datePublished\":\"2025-02-03T15:50:56+00:00\",\"dateModified\":\"2025-05-12T15:28:03+00:00\",\"breadcrumb\":{\"@id\":\"https:\/\/euro-tec.tech\/por-que-elegirnos\/#breadcrumb\"},\"inLanguage\":\"en-US\",\"potentialAction\":[{\"@type\":\"ReadAction\",\"target\":[\"https:\/\/euro-tec.tech\/por-que-elegirnos\/\"]}]},{\"@type\":\"BreadcrumbList\",\"@id\":\"https:\/\/euro-tec.tech\/por-que-elegirnos\/#breadcrumb\",\"itemListElement\":[{\"@type\":\"ListItem\",\"position\":1,\"name\":\"Portada\",\"item\":\"https:\/\/euro-tec.tech\/\"},{\"@type\":\"ListItem\",\"position\":2,\"name\":\"Por que elegirnos\"}]},{\"@type\":\"WebSite\",\"@id\":\"https:\/\/euro-tec.tech\/#website\",\"url\":\"https:\/\/euro-tec.tech\/\",\"name\":\"Eurotec\",\"description\":\"IA\",\"potentialAction\":[{\"@type\":\"SearchAction\",\"target\":{\"@type\":\"EntryPoint\",\"urlTemplate\":\"https:\/\/euro-tec.tech\/?s={search_term_string}\"},\"query-input\":{\"@type\":\"PropertyValueSpecification\",\"valueRequired\":true,\"valueName\":\"search_term_string\"}}],\"inLanguage\":\"en-US\"}]}<\/script>\n<!-- \/ Yoast SEO plugin. -->","yoast_head_json":{"title":"Por que elegirnos - Eurotec","robots":{"index":"index","follow":"follow","max-snippet":"max-snippet:-1","max-image-preview":"max-image-preview:large","max-video-preview":"max-video-preview:-1"},"canonical":"https:\/\/euro-tec.tech\/en\/por-que-elegirnos\/","og_locale":"en_US","og_type":"article","og_title":"Por que elegirnos - Eurotec","og_description":"\u00bfPOR QU\u00c9 ELEGIRNOS? \u00a0 Especializaci\u00f3n en todo lo concerniente y relacionado con la Tecnolog\u00eda. \u00a0 Asesoramiento Personalizado. \u00a0 Innovaci\u00f3n, Eficacia y Eficiencia. \u00a0 Enfoque Proactivo. \u00a0 Estudio Jur\u00eddico y Tecnol\u00f3gico. \u00a0 Control y Domino. \u00a0 Constante Evoluci\u00f3n Tecnol\u00f3gica. \u00a0 Protecci\u00f3n y respuesta legal y t\u00e9cnica. Especializaci\u00f3n en todo lo concerniente y relacionado con la Tecnolog\u00eda. ... Read more","og_url":"https:\/\/euro-tec.tech\/en\/por-que-elegirnos\/","og_site_name":"Eurotec","article_modified_time":"2025-05-12T15:28:03+00:00","twitter_card":"summary_large_image","twitter_misc":{"Est. reading time":"4 minutes"},"schema":{"@context":"https:\/\/schema.org","@graph":[{"@type":"WebPage","@id":"https:\/\/euro-tec.tech\/por-que-elegirnos\/","url":"https:\/\/euro-tec.tech\/por-que-elegirnos\/","name":"Por que elegirnos - Eurotec","isPartOf":{"@id":"https:\/\/euro-tec.tech\/#website"},"datePublished":"2025-02-03T15:50:56+00:00","dateModified":"2025-05-12T15:28:03+00:00","breadcrumb":{"@id":"https:\/\/euro-tec.tech\/por-que-elegirnos\/#breadcrumb"},"inLanguage":"en-US","potentialAction":[{"@type":"ReadAction","target":["https:\/\/euro-tec.tech\/por-que-elegirnos\/"]}]},{"@type":"BreadcrumbList","@id":"https:\/\/euro-tec.tech\/por-que-elegirnos\/#breadcrumb","itemListElement":[{"@type":"ListItem","position":1,"name":"Portada","item":"https:\/\/euro-tec.tech\/"},{"@type":"ListItem","position":2,"name":"Por que elegirnos"}]},{"@type":"WebSite","@id":"https:\/\/euro-tec.tech\/#website","url":"https:\/\/euro-tec.tech\/","name":"Eurotec","description":"IA","potentialAction":[{"@type":"SearchAction","target":{"@type":"EntryPoint","urlTemplate":"https:\/\/euro-tec.tech\/?s={search_term_string}"},"query-input":{"@type":"PropertyValueSpecification","valueRequired":true,"valueName":"search_term_string"}}],"inLanguage":"en-US"}]}},"_links":{"self":[{"href":"https:\/\/euro-tec.tech\/en\/wp-json\/wp\/v2\/pages\/2904","targetHints":{"allow":["GET"]}}],"collection":[{"href":"https:\/\/euro-tec.tech\/en\/wp-json\/wp\/v2\/pages"}],"about":[{"href":"https:\/\/euro-tec.tech\/en\/wp-json\/wp\/v2\/types\/page"}],"author":[{"embeddable":true,"href":"https:\/\/euro-tec.tech\/en\/wp-json\/wp\/v2\/users\/1"}],"replies":[{"embeddable":true,"href":"https:\/\/euro-tec.tech\/en\/wp-json\/wp\/v2\/comments?post=2904"}],"version-history":[{"count":16,"href":"https:\/\/euro-tec.tech\/en\/wp-json\/wp\/v2\/pages\/2904\/revisions"}],"predecessor-version":[{"id":3472,"href":"https:\/\/euro-tec.tech\/en\/wp-json\/wp\/v2\/pages\/2904\/revisions\/3472"}],"wp:attachment":[{"href":"https:\/\/euro-tec.tech\/en\/wp-json\/wp\/v2\/media?parent=2904"}],"curies":[{"name":"wp","href":"https:\/\/api.w.org\/{rel}","templated":true}]}}