{"id":2895,"date":"2025-02-03T15:39:14","date_gmt":"2025-02-03T15:39:14","guid":{"rendered":"https:\/\/euro-tec.tech\/?page_id=2895"},"modified":"2025-02-03T15:45:12","modified_gmt":"2025-02-03T15:45:12","slug":"euoria-completo","status":"publish","type":"page","link":"https:\/\/euro-tec.tech\/en\/euoria-completo\/","title":{"rendered":"Euoria completo"},"content":{"rendered":"<div data-elementor-type=\"wp-page\" data-elementor-id=\"2895\" class=\"elementor elementor-2895\" data-elementor-post-type=\"page\">\n\t\t\t\t\t\t<section class=\"elementor-section elementor-top-section elementor-element elementor-element-96c7a86 elementor-section-full_width elementor-section-height-default elementor-section-height-default\" data-id=\"96c7a86\" data-element_type=\"section\">\n\t\t\t\t\t\t<div class=\"elementor-container elementor-column-gap-default\">\n\t\t\t\t\t<div class=\"elementor-column elementor-col-100 elementor-top-column elementor-element elementor-element-81afe33\" data-id=\"81afe33\" data-element_type=\"column\">\n\t\t\t<div class=\"elementor-widget-wrap elementor-element-populated\">\n\t\t\t\t\t\t<div class=\"elementor-element elementor-element-9fa5e0f elementor-widget elementor-widget-heading\" data-id=\"9fa5e0f\" data-element_type=\"widget\" data-widget_type=\"heading.default\">\n\t\t\t\t<div class=\"elementor-widget-container\">\n\t\t\t\t\t<h2 class=\"elementor-heading-title elementor-size-default\">EUROIA<\/span><\/h2>\t\t\t\t<\/div>\n\t\t\t\t<\/div>\n\t\t\t\t\t<\/div>\n\t\t<\/div>\n\t\t\t\t\t<\/div>\n\t\t<\/section>\n\t\t\t\t<section class=\"elementor-section elementor-top-section elementor-element elementor-element-83eda7f elementor-section-full_width elementor-section-height-default elementor-section-height-default\" data-id=\"83eda7f\" data-element_type=\"section\">\n\t\t\t\t\t\t<div class=\"elementor-container elementor-column-gap-default\">\n\t\t\t\t\t<div class=\"elementor-column elementor-col-100 elementor-top-column elementor-element elementor-element-a66c4b7\" data-id=\"a66c4b7\" data-element_type=\"column\">\n\t\t\t<div class=\"elementor-widget-wrap elementor-element-populated\">\n\t\t\t\t\t\t<div class=\"elementor-element elementor-element-c09d4b8 elementor-widget elementor-widget-text-editor\" data-id=\"c09d4b8\" data-element_type=\"widget\" data-widget_type=\"text-editor.default\">\n\t\t\t\t<div class=\"elementor-widget-container\">\n\t\t\t\t\t\t\t\t\t<p>1-INICIO\/INTRODUCCI\u00d3N: LA TECNOLOG\u00cdA DE LA I.A. <br>1-NUEVAS TECNOLOG\u00cdAS Y NUEVAS FORMAS DE APLICACI\u00d3N DE \u00c9STAS: <br>Las Nuevas Tecnolog\u00edas y Nuevas Formas de Aplicarlas, en EURO-IA, enfocamos nuestra Atenci\u00f3n, en lo que, sin lugar a dudas, es la JOYA REINA en cuanto a Nuevas Tecnolog\u00edas se refiere, LA INTELIGENCIA ARTIFICIAL y su Aplicaci\u00f3n e Influencia, Presente y Futura, tanto en su Desarrollo, Aplicaci\u00f3n y Control Legislativo, de esta TECNOLOG\u00cdA, SUS APLICACIONES Y CAPACIDADES, en diversas \u00c1reas y Campos de la Sociedad, de la que todos\/as nosotros\/as formamos parte.<\/p>\n<p>2-LA APLICACI\u00d3N DE LA TECNOLOG\u00cdA DE INTELIGENCIA ARTIFICIAL A NUESTRAS VIDAS:<\/p>\n<p>Dada la Afectaci\u00f3n y Aplicaci\u00f3n de la Tecnolog\u00eda de Inteligencia Artificial, dentro de las Nuevas Tecnolog\u00edas y Nuevas Formas de Convivir y Vivir, desde EURO-IA, se estima conveniente la presente INTRODUCCI\u00d3N, para que pueda Entenderse Mejor, la Influencia, tanto Directa como Indirecta, de esta Nueva Tecnolog\u00eda en Nuestras Vidas.<\/p>\n<p>3-INFLUENCIA DE LA INTELIGENCIA ARTIFICIAL EN NUESTRAS VIDAS:<\/p>\n<p>La Tecnolog\u00eda de Inteligencia Artificial es y ser\u00e1 un campo en CONSTANTE EVOLUCI\u00d3N Y EXPANSI\u00d3N, apuntando todos los datos, a que ser\u00e1, una de las Grandes Revoluciones de nuestra \u00c9poca, que pasar\u00e1 a formar parte de la Historia Escrita, su Aplicaci\u00f3n a diversas \u00c1reas y Campos de la Sociedad, tales como el \u00c1rea Psicosocial, el \u00c1rea T\u00e9cnico Cient\u00edfica, el \u00c1rea de la Educaci\u00f3n y la Formaci\u00f3n, el \u00c1rea de la Seguridad, Nacional y P\u00fablica, el \u00c1rea Econ\u00f3mica, el \u00c1rea de la Salud y el \u00c1rea de la Filosof\u00eda y el Pensamiento entre otras muchas, ya supone una Realidad Palpable, a la hora de mejorar determinados Procesos y Situaciones en el d\u00eda a d\u00eda.<\/p>\n<p>En este contexto, cabe preguntarse, cu\u00e1l es su Desarrollo Real y en qu\u00e9 Estado\/Situaci\u00f3n se encuentran los\/las Ciudadanos\/as, en relaci\u00f3n a la llegada de esta Nueva Tecnolog\u00eda de Inteligencia Artificial.<\/p>\n<p>Debido a esta Incertidumbre, nacen cuestiones, tales como; si \u00bfSe est\u00e1 apostando lo suficiente, en nuestro Pa\u00eds, en relaci\u00f3n al resto de Europa, para\/por el desarrollo de esta Nueva Tecnolog\u00eda?, \u00bfExisten Empresas o Entidades Espa\u00f1olas que est\u00e9n teniendo \u00e9xito a la hora de Desarrollar Aplicaciones, Programas y Softwares Basadas\/os en la Tecnolog\u00eda de la Inteligencia Artificial?, \u00bfSe est\u00e1 abordando el Desarrollo de estas\/os Aplicaciones, Programas y Softwares, Basadas\/os en la Tecnolog\u00eda de Inteligencia Artificial, de manera correcta?, \u00bfSe est\u00e1n Implantando y Usando estas Aplicaciones y Softwares de manera Legal?, Por todas estas Cuestiones\/Preguntas y por lo que su Respuesta conlleva, nace EURO-IA, LA SOLUCI\u00d3N A SUS NECESIDADES , DUDAS Y PROBLEMAS en todo lo concerniente a la NUEVA TECNOLOG\u00cdA DE LA INTELIGENCIA ARTIFICIAL.<\/p><p>4-ORIGEN, PRESENTE Y FUTURO DE LA INTELIGENCIA ARTIFICIAL.<\/p>\n<p>4.1-El Origen de la Tecnolog\u00eda de la Inteligencia Artificial: Haciendo fiel seguimiento, a cuanta informaci\u00f3n existe y que se dispone del tema aqu\u00ed abordado, decir que la Historia de la Tecnolog\u00eda de la Inteligencia Artificial, es un tema candente en este momento social, como desde EURO-IA se cree que ser\u00e1 en el Futuro, sin embargo, mucha gente, no sabe, \u00bfqu\u00e9 es realmente la Tecnolog\u00eda de la Inteligencia Artificial? y sobre todo el \u00bfc\u00f3mo surgi\u00f3?, por lo cual, desde Nuestra Entidad EURO-IA, exponemos a modo de INTRODUCCI\u00d3N, algo de la Historia, que hay detr\u00e1s de esta ahora Conocida como Nueva Tecnolog\u00eda de Inteligencia Artificial.<\/p>\n<p>Ciertamente la Tecnolog\u00eda de Inteligencia Artificial, est\u00e1 en todas partes, sus Expectativas son Altas, las Promesas Exageradas y su Potencial para la Aplicaci\u00f3n a Determinadas Ciencias y Disciplinas aun Desconocido e Impredecible, pero para que pueda entenderse esta Nueva Tecnolog\u00eda, desde EURO-IA, se cree oportuno conocer sus or\u00edgenes y de donde nace o viene este tipo de Capacidad Tecnol\u00f3gica.<\/p>\n<p>Aunque parezca mentira, la historia real, sobre la Tecnolog\u00eda de la Inteligencia Artificial, comenz\u00f3 en los a\u00f1os cuarenta, con Publicaciones y Teor\u00edas de Autores de aquella \u00e9poca, tales como Alan Turing, Konrad Zuse, Warren McCulloch y Walter Pitts entre otros, dedicados entre otras cosas a la Neurociencia Computacional, estas Teor\u00edas y Publicaciones, estaban y\/o est\u00e1n directamente relacionadas con la Actividad Neuronal y Procesos Generativos, que de manera m\u00e1s que notable influyeron en Diversas \u00c1reas y Campos, relacionados con Diferentes Ciencias y Disciplinas, tales como son la Psicolog\u00eda, la Filosof\u00eda y la Inform\u00e1tica, todo ello debido a que las Redes Neuronales de car\u00e1cter Artificial, junto con lo que ha venido a ser conocido como Ciencias Generativas, han Contribuido a Beneficiar, tanto el Desarrollo de estas Ciencias, as\u00ed como la Ejecuci\u00f3n en su Pr\u00e1ctica y Ejercer Diario.<\/p>\n<p>Las Publicaciones y Teor\u00edas referidas anteriormente, Proyectaban entre otras cosas, Fundamentos relacionados con ciertas Capacidades y Habilidades del Cerebro Humano, <br>a trav\u00e9s de gran n\u00famero de Ensayos, incluyendo C\u00e1lculos L\u00f3gicos, de las Ideas Inmanentes en la Actividad Nerviosa, relacionados estos Ensayos y Estudios, entre otras cosas, con la Percepci\u00f3n de los Espectros Auditivos y Formas Visuales.<\/p>\n<p>En conclusi\u00f3n, estos Autores de \u00c9poca, Desarrollaron y Presentaron en Origen, al Mundo, lo que realmente puede decirse, ser considerado, el Primer Modelo Tecnol\u00f3gico de Car\u00e1cter Matem\u00e1tico, caracterizado \u00e9ste, por disponer de lo que podr\u00eda Definirse, como una Red Neuronal Artificial, capaz de realizar Operaciones de Car\u00e1cter Matem\u00e1tico, de Gran Complejidad, no conocida hasta entonces, pudiendo la misma ser aplicada a Gran Multitud de Ciencias y Disciplinas dentro de \u00e9stas.<\/p>\n<p>M\u00e1s adelante, bas\u00e1ndose entre otras cosas, en la actividad desarrollada por los Autores sobre los que han versado loas anteriores p\u00e1rrafos, en el a\u00f1o 1950, fue creado lo que podr\u00eda definirse como el primer Ordenador de Red Neuronal Artificial, denominado SNARC por dos alumnos de la Universidad de Harvard, Marvin Minsky y Dean Edmonds, considerados en cierta medida, como padres de la Tecnolog\u00eda de la Inteligencia Artificial, debido a toda la labor T\u00e9cnico Cient\u00edfica que llevaron a cabo durante sus vidas.<\/p>\n<p>Posteriormente, unos y otros, de los diversos Autores de Gran Relevancia, referidos anteriormente, Contribuyeron a Asentar los Primeros Antecedentes y Precedentes Actuales, de la Tecnolog\u00eda de Inteligencia Artificial, como hoy la podemos llegar a Conocer y Percibir, tales como el matem\u00e1tico Alan Turing quien public\u00f3 lo que se denomin\u00f3, el Test de Turing, que todav\u00eda se utiliza hoy para Valorar las Capacidades de la Tecnolog\u00eda de Inteligencia Artificial, posteriormente en el a\u00f1o 1952, Arthur Samuel cre\u00f3 y desarroll\u00f3 una\/un herramienta\/software, el cual fue capaz de aprender a realizar funciones tales, como Jugar al Ajedrez, de forma totalmente aut\u00f3noma, entre otras Capacidades y Habilidades.<\/p>\n<p>En este caso, los Investigadores Intervinientes, en dicha conferencia, llevaron a cabo, la presentaci\u00f3n de lo que para ellos conformaba la Tecnolog\u00eda de Inteligencia Artificial, as\u00ed como las Caracter\u00edsticas y Visi\u00f3n que deb\u00eda de poseer la misma, siendo considerada para muchos Autores y Expertos esta CONFERENCIA, como el Verdadero Momento, en cuanto al Nacimiento de la Tecnolog\u00eda de Inteligencia Artificial se refiere, tal y como se conoce hoy en d\u00eda.<\/p>\n<p>Siendo a partir de aqu\u00ed, cuando la mayor\u00eda de los Autores de la \u00c9poca, Empezaron a Aunar Criterios, en cuanto a las Caracter\u00edsticas, que Deb\u00eda de Reunir y Definici\u00f3n que deb\u00eda de D\u00e1rsele u Otorg\u00e1rsele a esta Nueva Tecnolog\u00eda, dadas las Capacidades de la misma, surgiendo nuevas\/os Fundaciones y Proyectos, de Cient\u00edficos Expertos en esta Materia, acu\u00f1\u00e1ndose t\u00e9rminos tales como Machine Learning, Artificial Intelligence Project, AI Laboratorios, etc.<\/p>\n<p>Desde entonces hasta nuestros d\u00edas, han surgido de manera continuada, numerosas dudas, sobre el amplio Campo de Actuaci\u00f3n, Afectaci\u00f3n e Intervenci\u00f3n, tanto de manera Directa como Indirecta, de la Tecnolog\u00eda de Inteligencia Artificial en\/sobre la Sociedad y las Personas que formamos parte de ella.<br>ESTA NUEVA TENOLOG\u00cdA DE INTELIGENCIA ARTIFICIAL, NO DEJA DE AVANZAR, SORPRENDIENDO CADA VEZ M\u00c1S SUS CAPACIDADES Y RENDIMIENTO, EURO-IA AVANZA CON ELLA.<\/p>\n<p>4.2-El Presente de la Tecnolog\u00eda de la Inteligencia Artificial: Con todo lo anteriormente expuesto, llegamos hasta nuestros d\u00edas, donde la Tecnolog\u00eda de Inteligencia Artificial sin lugar a dudas ha llegado para quedarse, dado que la misma ha transformado la Sociedad Actual.<\/p>\n<p>Si el Vapor impuls\u00f3 la Primera Revoluci\u00f3n Industrial, la Electricidad catapult\u00f3 la Segunda, e Internet y los Ordenadores personales, definieron la Tercera, la Inteligencia Artificial est\u00e1 provocando lo que se conoce como la Cuarta Revoluci\u00f3n Industrial.<\/p>\n<p>Los Sistemas de Tecnolog\u00eda de Inteligencia Artificial, sin lugar a dudas, est\u00e1n transformando la Medicina, el Transporte, el Sector Energ\u00e9tico, nuestra Elecci\u00f3n de Contenidos de Cultura y Ocio, la Econom\u00eda en su conjunto y por supuesto la Ciencia, todo ello a pasos agigantados, motivo\/os por el cual\/cuales, la aplicaci\u00f3n y uso de dicha Tecnolog\u00eda, influye e influir\u00e1, de MANERA INDUDABLE EN LAS PERSONAS, por lo que efectiva y realmente se hace necesario, Establecer Regulaciones tanto Legales como T\u00e9cnicas, para el Debido Uso de esta Nueva Tecnolog\u00eda, bien de manera Aislada, como en combinaci\u00f3n de la misma, con otras \u00c1reas o Ciencias, dada su Influencia de forma Directa y con Magnitudes muchas veces Impredecibles.<\/p>\n<p>Pese a sus Limitaciones T\u00e9cnicas y a las que Deben de ser impuestas, mediante el Desarrollo de la Correspondiente Normativa, queda a\u00fan muy lejos el sue\u00f1o de una Inteligencia Artificial, Equiparable a la que Ostenta el Ser Humano, aunque debemos de ser Realistas y Admitir que, todo apunta a que, en poco tiempo, el Planeta, Estar\u00e1 Envuelto, en un Sistema de Car\u00e1cter Integral, que afectar\u00e1 a todas las Sociedades del Mundo, en menor o mayor medida.<\/p>\n<p>Los Autores m\u00e1s Destacados en esta Tecnolog\u00eda y en Sus Capacidades, Creen que el Ser Humano, no debe de asustarse, cuando vea algo que Supera con Creces sus Capacidades de Actuaci\u00f3n y Comprensi\u00f3n, debe de Aceptarlo y Utilizar esta Nueva Tecnolog\u00eda, en Su Beneficio, todo ello bajo el Debido Control y Supervisi\u00f3n de los Estados\/Pa\u00edses, mediante los correspondientes \u00d3rganos\/Organismos de Gobierno, que velar\u00e1n y salvaguardar\u00e1n los Intereses de sus Ciudadanas\/os.<\/p>\n<p>Prueba de todo lo hasta ahora descrito en el Sitio Web de Nuestra Firma EURO-IA, es que Actualmente, est\u00e1n Integradas\/os en Nuestras Vidas, Aplicaciones, Programas y Softwares, Basadas\/os en la Tecnolog\u00eda de Inteligencia Artificial, que sin ser LAS PERSONAS, Conocedoras y Conscientes, de esta Circunstancia, las\/los mismas\/os (Aplicaciones, Programas y Softwares), nos Hacen la Vida m\u00e1s F\u00e1cil, Aplicaciones, Programas y Softwares, que vienen Permitiendo a sus Usuarias\/os utilizar la Voz y el Lenguaje Natural para Hacer Preguntas y dar Instrucciones, habiendo incluso llegado esta Nueva Tecnolog\u00eda a Nuestros Hogares, con Aplicaciones y Programas, tales como Alexa y Google Home.<br>Otras \u00c1REAS, como el Derecho, la Econom\u00eda, el Ocio, la Salud y la Seguridad, pod\u00edan parecer alejadas de la Aplicaci\u00f3n T\u00e9cnica y Pr\u00e1ctica de esta Nueva Tecnolog\u00eda, pero no ha sido as\u00ed, la Inteligencia Artificial a d\u00eda de hoy, OCUPA YA, un Importante Lugar, en Multitud de Esferas de la Vida, como las aqu\u00ed citadas, entre otras muchas, Conjug\u00e1ndose ya desde hace a\u00f1os, la Convivencia Social, con esta Tecnolog\u00eda, sin Saberlo o al menos sin ser Conscientes de ello.<\/p>\n<p>4.3-El Futuro de la Tecnolog\u00eda de la Inteligencia Artificial: Caminando hacia Inteligencias Artificiales realmente Inteligentes.<\/p>\n<p>Desde EURO-IA, pretendemos hacer llegar al P\u00fablico Interesado en esta Nueva Tecnolog\u00eda, el Reflejo, de al menos las Reflexiones m\u00e1s Importantes sobre la Tecnolog\u00eda de la Inteligencia Artificial, haciendo, Distinci\u00f3n y Menci\u00f3n entre\/a, los diferentes tipos de Inteligencia Artificial Existente, as\u00ed como de los Conceptos m\u00e1s Importantes, relacionados con los Diferentes tipos de Tecnolog\u00eda de Inteligencia Artificial existentes.<\/p>\n<p>Se aborda la Necesidad, de Proporcionar a esta Nueva Tecnolog\u00eda, Conocimientos de Sentido Com\u00fan, que hagan posible Avanzar hacia el Ambicioso Objetivo de Construir una Inteligencia Artificial de Car\u00e1cter General, todo ello en relaci\u00f3n a las Nuevas Tecnolog\u00edas y Nuevas Formas de Aplicar las mismas.<\/p>\n<p>Abordando cuestiones, que son y continuar\u00e1n siendo claves, en la Tecnolog\u00eda de la Inteligencia Artificial, en relaci\u00f3n a los Riesgos de la misma, sobre la Sociedad y las Personas que la Conforman, por todo ello, debe Fomentarse, en aras de Mentalizar a la Sociedad, de que el Principal Objetivo, de la Tecnolog\u00eda de la Inteligencia Artificial, es Lograr que una M\u00e1quina, Ostente con Car\u00e1cter Propio y una Inteligencia de tipo General, Similar a la de un ser Humano, constituyendo este, uno de los Objetivos m\u00e1s \u00c1mbiciosos, que se haya Planteado la Ciencia a lo largo de la Historia de la Humanidad.<\/p>\n<p>Siendo la Meta a Alcanzar, que la Tecnolog\u00eda de la Inteligencia Artificial, Pueda Lograr que Una M\u00e1quina de Car\u00e1cter Tecnol\u00f3gico, Ostente una Inteligencia de tipo General, Similar a la Humana, es Sin Lugar a Dudas el Objetivo M\u00e1s Ambicioso que se ha Planteado la Ciencia a d\u00eda de Hoy.<\/p>\n<p>Dado que el objetivo de la Tecnolog\u00eda de la Inteligencia Artificial, es la B\u00fasqueda de Aplicaciones, Programas y Softwares, Capaces de Producir Conductas de Car\u00e1cter Inteligente, LO CUAL, NO ES NADA FACIL NI SENCILLO, ni siquiera, con la Tecnolog\u00eda que de Hoy en D\u00eda se Dispone, dado que la Realidad es mucho m\u00e1s Compleja y aunque estamos pr\u00f3ximos a conseguirlo, el Camino a Seguir Ostenta Muchas Dudas y Limitaciones, SIENDO AQU\u00cd, DONDE NUESTRA FIRMA, EURO-IA, PUEDE AYUDARLA\/E.<\/p>\n<p>USTED Y EURO-IA, Caminando Hacia el Futuro, hacia Inteligencias Artificiales Realmente Inteligentes.<\/p>\n<p><\/p>\t\t\t\t\t\t\t\t<\/div>\n\t\t\t\t<\/div>\n\t\t\t\t\t<\/div>\n\t\t<\/div>\n\t\t\t\t\t<\/div>\n\t\t<\/section>\n\t\t\t\t<\/div>","protected":false},"excerpt":{"rendered":"<p>EUROIA 1-INICIO\/INTRODUCCI\u00d3N: LA TECNOLOG\u00cdA DE LA I.A. 1-NUEVAS TECNOLOG\u00cdAS Y NUEVAS FORMAS DE APLICACI\u00d3N DE \u00c9STAS: Las Nuevas Tecnolog\u00edas y Nuevas Formas de Aplicarlas, en EURO-IA, enfocamos nuestra Atenci\u00f3n, en lo que, sin lugar a dudas, es la JOYA REINA en cuanto a Nuevas Tecnolog\u00edas se refiere, LA INTELIGENCIA ARTIFICIAL y su Aplicaci\u00f3n e Influencia, &#8230; <a title=\"Euoria completo\" class=\"read-more\" href=\"https:\/\/euro-tec.tech\/en\/euoria-completo\/\" aria-label=\"Read more about Euoria completo\">Read more<\/a><\/p>","protected":false},"author":1,"featured_media":0,"parent":0,"menu_order":0,"comment_status":"closed","ping_status":"closed","template":"elementor_header_footer","meta":{"_joinchat":[],"footnotes":""},"class_list":["post-2895","page","type-page","status-publish"],"yoast_head":"<!-- This site is optimized with the Yoast SEO plugin v25.0 - https:\/\/yoast.com\/wordpress\/plugins\/seo\/ -->\n<title>Euoria completo - Eurotec<\/title>\n<meta name=\"robots\" content=\"index, follow, max-snippet:-1, max-image-preview:large, max-video-preview:-1\" \/>\n<link rel=\"canonical\" href=\"https:\/\/euro-tec.tech\/en\/euoria-completo\/\" \/>\n<meta property=\"og:locale\" content=\"en_US\" \/>\n<meta property=\"og:type\" content=\"article\" \/>\n<meta property=\"og:title\" content=\"Euoria completo - Eurotec\" \/>\n<meta property=\"og:description\" content=\"EUROIA 1-INICIO\/INTRODUCCI\u00d3N: LA TECNOLOG\u00cdA DE LA I.A. 1-NUEVAS TECNOLOG\u00cdAS Y NUEVAS FORMAS DE APLICACI\u00d3N DE \u00c9STAS: Las Nuevas Tecnolog\u00edas y Nuevas Formas de Aplicarlas, en EURO-IA, enfocamos nuestra Atenci\u00f3n, en lo que, sin lugar a dudas, es la JOYA REINA en cuanto a Nuevas Tecnolog\u00edas se refiere, LA INTELIGENCIA ARTIFICIAL y su Aplicaci\u00f3n e Influencia, ... Read more\" \/>\n<meta property=\"og:url\" content=\"https:\/\/euro-tec.tech\/en\/euoria-completo\/\" \/>\n<meta property=\"og:site_name\" content=\"Eurotec\" \/>\n<meta property=\"article:modified_time\" content=\"2025-02-03T15:45:12+00:00\" \/>\n<meta name=\"twitter:card\" content=\"summary_large_image\" \/>\n<meta name=\"twitter:label1\" content=\"Est. reading time\" \/>\n\t<meta name=\"twitter:data1\" content=\"12 minutes\" \/>\n<script type=\"application\/ld+json\" class=\"yoast-schema-graph\">{\"@context\":\"https:\/\/schema.org\",\"@graph\":[{\"@type\":\"WebPage\",\"@id\":\"https:\/\/euro-tec.tech\/euoria-completo\/\",\"url\":\"https:\/\/euro-tec.tech\/euoria-completo\/\",\"name\":\"Euoria completo - Eurotec\",\"isPartOf\":{\"@id\":\"https:\/\/euro-tec.tech\/#website\"},\"datePublished\":\"2025-02-03T15:39:14+00:00\",\"dateModified\":\"2025-02-03T15:45:12+00:00\",\"breadcrumb\":{\"@id\":\"https:\/\/euro-tec.tech\/euoria-completo\/#breadcrumb\"},\"inLanguage\":\"en-US\",\"potentialAction\":[{\"@type\":\"ReadAction\",\"target\":[\"https:\/\/euro-tec.tech\/euoria-completo\/\"]}]},{\"@type\":\"BreadcrumbList\",\"@id\":\"https:\/\/euro-tec.tech\/euoria-completo\/#breadcrumb\",\"itemListElement\":[{\"@type\":\"ListItem\",\"position\":1,\"name\":\"Portada\",\"item\":\"https:\/\/euro-tec.tech\/\"},{\"@type\":\"ListItem\",\"position\":2,\"name\":\"Euoria completo\"}]},{\"@type\":\"WebSite\",\"@id\":\"https:\/\/euro-tec.tech\/#website\",\"url\":\"https:\/\/euro-tec.tech\/\",\"name\":\"Eurotec\",\"description\":\"IA\",\"potentialAction\":[{\"@type\":\"SearchAction\",\"target\":{\"@type\":\"EntryPoint\",\"urlTemplate\":\"https:\/\/euro-tec.tech\/?s={search_term_string}\"},\"query-input\":{\"@type\":\"PropertyValueSpecification\",\"valueRequired\":true,\"valueName\":\"search_term_string\"}}],\"inLanguage\":\"en-US\"}]}<\/script>\n<!-- \/ Yoast SEO plugin. -->","yoast_head_json":{"title":"Euoria completo - Eurotec","robots":{"index":"index","follow":"follow","max-snippet":"max-snippet:-1","max-image-preview":"max-image-preview:large","max-video-preview":"max-video-preview:-1"},"canonical":"https:\/\/euro-tec.tech\/en\/euoria-completo\/","og_locale":"en_US","og_type":"article","og_title":"Euoria completo - Eurotec","og_description":"EUROIA 1-INICIO\/INTRODUCCI\u00d3N: LA TECNOLOG\u00cdA DE LA I.A. 1-NUEVAS TECNOLOG\u00cdAS Y NUEVAS FORMAS DE APLICACI\u00d3N DE \u00c9STAS: Las Nuevas Tecnolog\u00edas y Nuevas Formas de Aplicarlas, en EURO-IA, enfocamos nuestra Atenci\u00f3n, en lo que, sin lugar a dudas, es la JOYA REINA en cuanto a Nuevas Tecnolog\u00edas se refiere, LA INTELIGENCIA ARTIFICIAL y su Aplicaci\u00f3n e Influencia, ... Read more","og_url":"https:\/\/euro-tec.tech\/en\/euoria-completo\/","og_site_name":"Eurotec","article_modified_time":"2025-02-03T15:45:12+00:00","twitter_card":"summary_large_image","twitter_misc":{"Est. reading time":"12 minutes"},"schema":{"@context":"https:\/\/schema.org","@graph":[{"@type":"WebPage","@id":"https:\/\/euro-tec.tech\/euoria-completo\/","url":"https:\/\/euro-tec.tech\/euoria-completo\/","name":"Euoria completo - Eurotec","isPartOf":{"@id":"https:\/\/euro-tec.tech\/#website"},"datePublished":"2025-02-03T15:39:14+00:00","dateModified":"2025-02-03T15:45:12+00:00","breadcrumb":{"@id":"https:\/\/euro-tec.tech\/euoria-completo\/#breadcrumb"},"inLanguage":"en-US","potentialAction":[{"@type":"ReadAction","target":["https:\/\/euro-tec.tech\/euoria-completo\/"]}]},{"@type":"BreadcrumbList","@id":"https:\/\/euro-tec.tech\/euoria-completo\/#breadcrumb","itemListElement":[{"@type":"ListItem","position":1,"name":"Portada","item":"https:\/\/euro-tec.tech\/"},{"@type":"ListItem","position":2,"name":"Euoria completo"}]},{"@type":"WebSite","@id":"https:\/\/euro-tec.tech\/#website","url":"https:\/\/euro-tec.tech\/","name":"Eurotec","description":"IA","potentialAction":[{"@type":"SearchAction","target":{"@type":"EntryPoint","urlTemplate":"https:\/\/euro-tec.tech\/?s={search_term_string}"},"query-input":{"@type":"PropertyValueSpecification","valueRequired":true,"valueName":"search_term_string"}}],"inLanguage":"en-US"}]}},"_links":{"self":[{"href":"https:\/\/euro-tec.tech\/en\/wp-json\/wp\/v2\/pages\/2895","targetHints":{"allow":["GET"]}}],"collection":[{"href":"https:\/\/euro-tec.tech\/en\/wp-json\/wp\/v2\/pages"}],"about":[{"href":"https:\/\/euro-tec.tech\/en\/wp-json\/wp\/v2\/types\/page"}],"author":[{"embeddable":true,"href":"https:\/\/euro-tec.tech\/en\/wp-json\/wp\/v2\/users\/1"}],"replies":[{"embeddable":true,"href":"https:\/\/euro-tec.tech\/en\/wp-json\/wp\/v2\/comments?post=2895"}],"version-history":[{"count":4,"href":"https:\/\/euro-tec.tech\/en\/wp-json\/wp\/v2\/pages\/2895\/revisions"}],"predecessor-version":[{"id":2900,"href":"https:\/\/euro-tec.tech\/en\/wp-json\/wp\/v2\/pages\/2895\/revisions\/2900"}],"wp:attachment":[{"href":"https:\/\/euro-tec.tech\/en\/wp-json\/wp\/v2\/media?parent=2895"}],"curies":[{"name":"wp","href":"https:\/\/api.w.org\/{rel}","templated":true}]}}